{"id":654,"date":"2017-08-28T16:08:57","date_gmt":"2017-08-28T16:08:57","guid":{"rendered":"http:\/\/www.minader.cm\/?page_id=654"},"modified":"2017-09-11T06:50:12","modified_gmt":"2017-09-11T06:50:12","slug":"chronique","status":"publish","type":"page","link":"https:\/\/www.minader.cm\/index.php\/le-minader\/chronique\/","title":{"rendered":"CHRONIQUE"},"content":{"rendered":"<h2 class=\"entry-title\" data-fontsize=\"18\" data-lineheight=\"27\"><a href=\"https:\/\/i0.wp.com\/www.minader.cm\/wp-content\/uploads\/2016\/06\/agriculture-mecanique_tracteur.jpg\"><img data-recalc-dims=\"1\" loading=\"lazy\" decoding=\"async\" class=\"alignnone size-full wp-image-202\" src=\"https:\/\/i0.wp.com\/www.minader.cm\/wp-content\/uploads\/2016\/06\/agriculture-mecanique_tracteur.jpg?resize=620%2C372\" alt=\"agriculture-mecanique_tracteur\" width=\"620\" height=\"372\" srcset=\"https:\/\/i0.wp.com\/www.minader.cm\/wp-content\/uploads\/2016\/06\/agriculture-mecanique_tracteur.jpg?w=620&amp;ssl=1 620w, https:\/\/i0.wp.com\/www.minader.cm\/wp-content\/uploads\/2016\/06\/agriculture-mecanique_tracteur.jpg?resize=300%2C180&amp;ssl=1 300w, https:\/\/i0.wp.com\/www.minader.cm\/wp-content\/uploads\/2016\/06\/agriculture-mecanique_tracteur.jpg?resize=600%2C360&amp;ssl=1 600w\" sizes=\"auto, (max-width: 620px) 100vw, 620px\" \/><\/a><\/h2>\n<h2 class=\"entry-title\" data-fontsize=\"18\" data-lineheight=\"27\">A LA CONQUETE DE L\u2019OR VERT<\/h2>\n<div class=\"post-content\">\n<p>L\u2019Agriculture au Cameroun est un levier essentiel de la croissance \u00e9conomique. Son apport est d\u00e9terminant \u00e0 la fois pour garantir l\u2019autosuffisance et la s\u00e9curit\u00e9 alimentaires n\u00e9cessaires pour nourrir la population, mais \u00e9galement, une mati\u00e8re essentielle pour la conqu\u00eate des march\u00e9s. Il s\u2019agit d\u2019un tr\u00e9sor naturel comme le rappelait le Pr\u00e9sident de la R\u00e9publique, lors du Comice\u00a0\u00a0 Agropastoral d\u2019 Ebolowa en 2011, \u00ab\u00a0<strong><em>L\u2019Agriculture, je le r\u00e9p\u00e8te est notre authentique richesse<\/em><\/strong>\u00a0\u00bb.<\/p>\n<p>Cependant, cette activit\u00e9 aussi pr\u00e9cieuse qu\u2019elle soit, requiert une organisation rationnelle qui permette d\u2019assurer un gain certain de toutes ses potentialit\u00e9s. Tous les pans de la cha\u00eene de cette activit\u00e9 permettront de d\u00e9boucher sur une agriculture productive, capable de transformation, et obtenir ainsi une commercialisation florissante. Mais, outre les reformes structurelles, il y a l\u2019imp\u00e9ratif d\u2019une v\u00e9ritable culture de l\u2019agriculture. A l\u2019avant-garde de cette vision prospective, le Chef de l\u2019Etat a invit\u00e9 les camerounais \u00e0 se lancer dans l\u2019agriculture, pour garantir la p\u00e9rennit\u00e9 de la main d\u2019\u0153uvre dont a besoin ce domaine d\u2019activit\u00e9. Et au c\u0153ur de cette orientation, les jeunes occupent une place centrale. A leur adresse, le Chef de l\u2019Etat est clair et formel \u00ab\u00a0<strong><em>Je vous engage \u00e0 op\u00e9rer une r\u00e9elle r\u00e9volution des mentalit\u00e9s \u2026 La terre ne trahit pas. N\u2019ayez pas peur de franchir le pas. Soyez les entrepreneurs agricoles dont le Cameroun a besoin<\/em><\/strong>\u00a0\u00bb, (Message du Chef de l\u2019Etat \u00e0 la jeunesse, 10 f\u00e9vrier 2016.)<\/p>\n<p>Il s\u2019agit l\u00e0, d\u2019une v\u00e9ritable r\u00e9volution des mentalit\u00e9s qui sugg\u00e8re de promouvoir le travail de la terre et l\u2019\u00e9riger en une \u00e9conomie r\u00e9elle. C\u2019est dans cette perspective que s\u2019inscrit le r\u00f4le de la communication dans une posture <strong>d\u2019interm\u00e9diation<\/strong> et de <strong>facilitation<\/strong>. Communiquer ici suppose\u00a0: <strong>information, visibilit\u00e9, affichage<\/strong> et <strong>vulgarisation<\/strong>. Pour connaitre, s\u2019approprier et s\u2019\u00e9panouir dans cette activit\u00e9.<\/p>\n<p>Lever les barri\u00e8res psychologiques, \u00ab\u00a0d\u00e9mocratiser\u00a0\u00bb l\u2019activit\u00e9 agricole, valoriser le travail de la terre passent assur\u00e9ment par les vecteurs de la communication qui doit rapprocher les hommes de la terre, les Camerounais, de leur Agriculture pour en faire une v\u00e9ritable force \u00e9conomique.<\/p>\n<p>La terre a besoin de nos bras\u2026. Mettons-nous au travail<\/p>\n<p>&nbsp;<\/p>\n<p style=\"text-align: right;\"><strong>Alain AMASSOKA <\/strong><\/p>\n<p style=\"text-align: right;\"><strong>Chef\/CELCOM\/MINADER<\/strong><\/p>\n<\/div>\n","protected":false},"excerpt":{"rendered":"<p>A LA CONQUETE DE L\u2019OR VERT L\u2019Agriculture au Cameroun est un levier essentiel de la croissance \u00e9conomique. Son apport est d\u00e9terminant \u00e0 la fois pour garantir l\u2019autosuffisance et la s\u00e9curit\u00e9 alimentaires n\u00e9cessaires pour nourrir la population, mais \u00e9galement, une mati\u00e8re essentielle pour la conqu\u00eate des march\u00e9s. Il s\u2019agit d\u2019un tr\u00e9sor naturel comme le rappelait le [&hellip;]<\/p>\n","protected":false},"author":1,"featured_media":0,"parent":13,"menu_order":0,"comment_status":"closed","ping_status":"closed","template":"","meta":{"footnotes":""},"class_list":["post-654","page","type-page","status-publish","hentry"],"jetpack_sharing_enabled":true,"jetpack_likes_enabled":true,"_links":{"self":[{"href":"https:\/\/www.minader.cm\/index.php\/wp-json\/wp\/v2\/pages\/654","targetHints":{"allow":["GET"]}}],"collection":[{"href":"https:\/\/www.minader.cm\/index.php\/wp-json\/wp\/v2\/pages"}],"about":[{"href":"https:\/\/www.minader.cm\/index.php\/wp-json\/wp\/v2\/types\/page"}],"author":[{"embeddable":true,"href":"https:\/\/www.minader.cm\/index.php\/wp-json\/wp\/v2\/users\/1"}],"replies":[{"embeddable":true,"href":"https:\/\/www.minader.cm\/index.php\/wp-json\/wp\/v2\/comments?post=654"}],"version-history":[{"count":5,"href":"https:\/\/www.minader.cm\/index.php\/wp-json\/wp\/v2\/pages\/654\/revisions"}],"predecessor-version":[{"id":1062,"href":"https:\/\/www.minader.cm\/index.php\/wp-json\/wp\/v2\/pages\/654\/revisions\/1062"}],"up":[{"embeddable":true,"href":"https:\/\/www.minader.cm\/index.php\/wp-json\/wp\/v2\/pages\/13"}],"wp:attachment":[{"href":"https:\/\/www.minader.cm\/index.php\/wp-json\/wp\/v2\/media?parent=654"}],"curies":[{"name":"wp","href":"https:\/\/api.w.org\/{rel}","templated":true}]}}