{"id":5404,"date":"2023-06-29T11:44:14","date_gmt":"2023-06-29T11:44:14","guid":{"rendered":"https:\/\/www.minader.cm\/?page_id=5404"},"modified":"2023-06-29T12:15:26","modified_gmt":"2023-06-29T12:15:26","slug":"division-de-lenseignement-et-de-la-formation-agricole-cooperatif-et-communautaire-deffac","status":"publish","type":"page","link":"https:\/\/www.minader.cm\/index.php\/division-de-lenseignement-et-de-la-formation-agricole-cooperatif-et-communautaire-deffac\/","title":{"rendered":"Division de l&rsquo;Enseignement et de la Formation Agricole, Coop\u00e9ratif et Communautaire (DEFFAC)"},"content":{"rendered":"\n<figure class=\"wp-block-image size-large\"><img data-recalc-dims=\"1\" loading=\"lazy\" decoding=\"async\" width=\"669\" height=\"167\" src=\"https:\/\/i0.wp.com\/www.minader.cm\/wp-content\/uploads\/2023\/06\/IMG-20230628-WA0010.jpg?resize=669%2C167&#038;ssl=1\" alt=\"\" class=\"wp-image-5357\" srcset=\"https:\/\/i0.wp.com\/www.minader.cm\/wp-content\/uploads\/2023\/06\/IMG-20230628-WA0010.jpg?resize=1024%2C256&amp;ssl=1 1024w, https:\/\/i0.wp.com\/www.minader.cm\/wp-content\/uploads\/2023\/06\/IMG-20230628-WA0010.jpg?resize=300%2C75&amp;ssl=1 300w, https:\/\/i0.wp.com\/www.minader.cm\/wp-content\/uploads\/2023\/06\/IMG-20230628-WA0010.jpg?resize=768%2C192&amp;ssl=1 768w, https:\/\/i0.wp.com\/www.minader.cm\/wp-content\/uploads\/2023\/06\/IMG-20230628-WA0010.jpg?w=1080&amp;ssl=1 1080w\" sizes=\"auto, (max-width: 669px) 100vw, 669px\" \/><\/figure>\n\n\n\n<p class=\"has-text-align-center has-black-color has-vivid-green-cyan-background-color has-text-color has-background\"><strong>&nbsp;LA DIVISION DE L\u2019ENSEIGNEMENT ET DE LA FORMATION AGRICOLE, COOPERATIF ET COMMUNAUTAIRE&nbsp;<\/strong><\/p>\n\n\n\n<p><br>(1) Plac\u00e9e sous l\u2019autorit\u00e9 d\u2019un Chef de Division, la Division de l\u2019Enseignement et de la Formation Agricoles, Coop\u00e9ratifs et Communautaires est charg\u00e9e:<br>\u2013 de la conception, de l\u2019\u00e9laboration, et de la mise en \u0153uvre de la politique de l\u2019enseignement et de la formation agricoles;<br>\u2013 de l\u2019int\u00e9gration des enseignements agricole, coop\u00e9ratif et communautaire dans les dispositifs d\u2019enseignement scolaire et universitaire, en liaison avec les administrations concern\u00e9es;<br>\u2013 de l\u2019organisation des stages de formation, de perfectionnement et de recyclage en liaison avec les administrations concern\u00e9es;<br>\u2013 du contr\u00f4le technique et p\u00e9dagogique des \u00e9tablissements d\u2019enseignement agricole priv\u00e9s;<br>\u2013 de l\u2019\u00e9laboration des programmes de formation initiale et\/ou modulaire, continue et itin\u00e9rante;<br>\u2013 de l\u2019organisation des examens et concours d\u2019entr\u00e9e dans les \u00e9tablissements publics d\u2019enseignement agricole et coop\u00e9ratif, et de la d\u00e9livrance des dipl\u00f4mes, en liaison avec les administrations et organismes concern\u00e9s;<br>\u2013 du suivi du fonctionnement des \u00e9tablissements publics d\u2019enseignement agricole et coop\u00e9ratif;<br>\u2013 de l\u2019\u00e9laboration des indicateurs de performance sectoriels.<br>(2) Elle comprend:<br>\u2013 la Cellule des Programmes d\u2019Enseignement et de Formation;<br>\u2013 la Cellule du Suivi et du Contr\u00f4le des Etablissements de Formation Agricole, Coop\u00e9rative et Communautaire.<\/p>\n\n\n\n<h3 class=\"has-text-align-center has-black-color has-vivid-green-cyan-background-color has-text-color has-background wp-block-heading\">LISTE DES \u00c9COLES PUBLIQUES DE FORMATION AGRICOLE ACTUALISEE<\/h3>\n\n\n\n<figure class=\"wp-block-table\"><table class=\"has-pale-ocean-gradient-background has-background\"><tbody><tr><td>N\u00b0<\/td><td>Ecole<\/td><td>Localisation<\/td><td>Parcours<\/td><\/tr><tr><td><strong><em>REGION DE L\u2019EST<\/em><\/strong><\/td><\/tr><tr><td>1<\/td><td>Ecole technique d\u2019agriculture (ETA)<\/td><td>Abong -Mbang<\/td><td>Entreprenariat Agropastoral (EAP)<\/td><\/tr><tr><td><strong><em>&nbsp; REGION DE L\u2019EXTREME NORD<\/em><\/strong><\/td><\/tr><tr><td>2<\/td><td>Coll\u00e8ge R\u00e9gional d\u2019Agriculture (CRA)<\/td><td>Maroua<\/td><td>Conseiller agropastoral (CAP)<\/td><\/tr><tr><td>3<\/td><td>Ecole technique d\u2019agriculture (ETA)<\/td><td>Maroua<\/td><td>Entreprenariat Agropastoral (EAP)<\/td><\/tr><tr><td><strong><em>REGION DU LITTORAL<\/em><\/strong><\/td><\/tr><tr><td>4<\/td><td>Ecole technique d\u2019agriculture (ETA)<\/td><td>Dibombari<\/td><td>Entreprenariat Agropastoral (EAP)<\/td><\/tr><tr><td><strong><em>REGION DE L\u2019OUEST<\/em><\/strong><\/td><\/tr><tr><td>5<\/td><td>Ecole technique d\u2019agriculture (ETA)<\/td><td>&nbsp; Bafang<\/td><td>&nbsp; Entreprenariat Agropastoral (EAP)<\/td><\/tr><tr><td><strong><em>REGION DU NORD<\/em><\/strong><\/td><\/tr><tr><td>6<\/td><td>Ecole de Formation pour les Sp\u00e9cialistes de la Coop\u00e9ration (EFSC)<\/td><td>Guider<\/td><td>Conseiller agropastoral (CAP)<\/td><\/tr><tr><td>7<\/td><td>Ecole technique d\u2019agriculture (ETA)<\/td><td>&nbsp; Garoua<\/td><td>Entreprenariat Agropastoral (EAP)<\/td><\/tr><tr><td><strong><em>REGION DU NORD -OUEST<\/em><\/strong><\/td><\/tr><tr><td>8<\/td><td>Coll\u00e8ge R\u00e9gional d\u2019Agriculture (CRA)<\/td><td>&nbsp; Bambili<\/td><td>Entreprenariat Agropastoral (EAP)<\/td><\/tr><tr><td>9<\/td><td>Ecole technique d\u2019agriculture (ETA)<\/td><td>Bambili<\/td><td>Entreprenariat Agropastoral (EAP)<\/td><\/tr><tr><td>10<\/td><td>NCC<\/td><td>Bamenda<\/td><td>Conseiller agropastoral (CAP)<\/td><\/tr><tr><td>11<\/td><td>Ecole technique d\u2019agriculture (ETA)<\/td><td>Nkambe<\/td><td>Entreprenariat Agropastoral (EAP)<\/td><\/tr><tr><td>12<\/td><td>Ecole de Formation pour les Sp\u00e9cialistes du D\u00e9veloppement Communautaires (EFSDC)<\/td><td>&nbsp; &nbsp; Santa<\/td><td>&nbsp; &nbsp; Conseiller agropastoral (CAP)<\/td><\/tr><tr><td><strong><em>REGION DU SUD<\/em><\/strong><\/td><\/tr><tr><td>13<\/td><td>Coll\u00e8ge R\u00e9gional d\u2019Agriculture (CRA)<\/td><td>Ebolowa<\/td><td>Conseiller agropastoral (CAP)<\/td><\/tr><tr><td>14<\/td><td>Ecole de Formation pour les Sp\u00e9cialistes de la Coop\u00e9ration (EFSC)<\/td><td>Ebolowa<\/td><td>&nbsp; Conseiller agropastoral (CAP)<\/td><\/tr><tr><td>15<\/td><td>Ecole technique d\u2019agriculture (ETA)<\/td><td>Ebolowa<\/td><td>&nbsp; Entreprenariat Agropastoral (EAP)<\/td><\/tr><tr><td>16<\/td><td>Ecole technique d\u2019agriculture (ETA)<\/td><td>Sangmelima<\/td><td>Entreprenariat Agropastoral (EAP)<\/td><\/tr><tr><td><em>REGION DU SUD-OUEST<\/em><\/td><\/tr><tr><td>17<\/td><td>Ecole de Formation pour les Sp\u00e9cialistes du D\u00e9veloppement Communautaires (EFSDC)<\/td><td>Kumba<\/td><td>Conseiller agropastoral (CAP)<\/td><\/tr><tr><td>18<\/td><td>Ecole de Formation pour les Sp\u00e9cialistes en Equipements et Am\u00e9nagements Ruraux (EFSEAR)<\/td><td>Kumba<\/td><td>Technicien Sup\u00e9rieur en Infrastructure Equipements Ruraux et Gestion de l\u2019Eau (TSIERGE)<\/td><\/tr><tr><td><strong><em><u>Source&nbsp;: DEFACC 2021<\/u><\/em><\/strong><\/td><\/tr><\/tbody><\/table><\/figure>\n","protected":false},"excerpt":{"rendered":"<p>&nbsp;LA DIVISION DE L\u2019ENSEIGNEMENT ET DE LA FORMATION AGRICOLE, COOPERATIF ET COMMUNAUTAIRE&nbsp; (1) Plac\u00e9e sous l\u2019autorit\u00e9 d\u2019un Chef de Division, la Division de l\u2019Enseignement et de la Formation Agricoles, Coop\u00e9ratifs et Communautaires est charg\u00e9e:\u2013 de la conception, de l\u2019\u00e9laboration, et de la mise en \u0153uvre de la politique de l\u2019enseignement et de la formation agricoles;\u2013 [&hellip;]<\/p>\n","protected":false},"author":1,"featured_media":0,"parent":0,"menu_order":0,"comment_status":"closed","ping_status":"closed","template":"","meta":{"footnotes":""},"class_list":["post-5404","page","type-page","status-publish","hentry"],"jetpack_sharing_enabled":true,"jetpack_likes_enabled":true,"_links":{"self":[{"href":"https:\/\/www.minader.cm\/index.php\/wp-json\/wp\/v2\/pages\/5404","targetHints":{"allow":["GET"]}}],"collection":[{"href":"https:\/\/www.minader.cm\/index.php\/wp-json\/wp\/v2\/pages"}],"about":[{"href":"https:\/\/www.minader.cm\/index.php\/wp-json\/wp\/v2\/types\/page"}],"author":[{"embeddable":true,"href":"https:\/\/www.minader.cm\/index.php\/wp-json\/wp\/v2\/users\/1"}],"replies":[{"embeddable":true,"href":"https:\/\/www.minader.cm\/index.php\/wp-json\/wp\/v2\/comments?post=5404"}],"version-history":[{"count":2,"href":"https:\/\/www.minader.cm\/index.php\/wp-json\/wp\/v2\/pages\/5404\/revisions"}],"predecessor-version":[{"id":5409,"href":"https:\/\/www.minader.cm\/index.php\/wp-json\/wp\/v2\/pages\/5404\/revisions\/5409"}],"wp:attachment":[{"href":"https:\/\/www.minader.cm\/index.php\/wp-json\/wp\/v2\/media?parent=5404"}],"curies":[{"name":"wp","href":"https:\/\/api.w.org\/{rel}","templated":true}]}}