{"id":5401,"date":"2023-06-29T11:35:53","date_gmt":"2023-06-29T11:35:53","guid":{"rendered":"https:\/\/www.minader.cm\/?page_id=5401"},"modified":"2023-06-29T11:36:01","modified_gmt":"2023-06-29T11:36:01","slug":"direction-de-la-reglementation-et-du-controle-de-qualite-drcq","status":"publish","type":"page","link":"https:\/\/www.minader.cm\/index.php\/direction-de-la-reglementation-et-du-controle-de-qualite-drcq\/","title":{"rendered":"Direction de la R\u00e9glementation et du contr\u00f4le de Qualit\u00e9 (DRCQ)"},"content":{"rendered":"\n<figure class=\"wp-block-image size-large\"><img data-recalc-dims=\"1\" loading=\"lazy\" decoding=\"async\" width=\"669\" height=\"167\" src=\"https:\/\/i0.wp.com\/www.minader.cm\/wp-content\/uploads\/2023\/06\/IMG-20230628-WA0003.jpg?resize=669%2C167&#038;ssl=1\" alt=\"\" class=\"wp-image-5354\" srcset=\"https:\/\/i0.wp.com\/www.minader.cm\/wp-content\/uploads\/2023\/06\/IMG-20230628-WA0003.jpg?resize=1024%2C256&amp;ssl=1 1024w, https:\/\/i0.wp.com\/www.minader.cm\/wp-content\/uploads\/2023\/06\/IMG-20230628-WA0003.jpg?resize=300%2C75&amp;ssl=1 300w, https:\/\/i0.wp.com\/www.minader.cm\/wp-content\/uploads\/2023\/06\/IMG-20230628-WA0003.jpg?resize=768%2C192&amp;ssl=1 768w, https:\/\/i0.wp.com\/www.minader.cm\/wp-content\/uploads\/2023\/06\/IMG-20230628-WA0003.jpg?w=1080&amp;ssl=1 1080w\" sizes=\"auto, (max-width: 669px) 100vw, 669px\" \/><\/figure>\n\n\n\n<p class=\"has-text-align-center has-black-color has-vivid-green-cyan-background-color has-text-color has-background\"><strong>\u00a0LA DIRECTION DE LA REGLEMENTATION ET DU CONTROLE DE QUALITE\u00a0<\/strong><br><strong>DES INTRANTS ET DES PRODUITS AGRICOLES\u00a0<\/strong><\/p>\n\n\n\n<p><br>(1) Plac\u00e9e sous l\u2019autorit\u00e9 d\u2019un Directeur, la Direction de la R\u00e9glementation et du Contr\u00f4le de Qualit\u00e9 des Intrants et des Produits Agricoles est charg\u00e9e :<br>\u2013 de l\u2019\u00e9laboration de la r\u00e9glementation relative aux intrants et produits agricoles et \u00e0 l\u2019agriculture biologique ;<br>\u2013 de l\u2019harmonisation aux niveaux sous-r\u00e9gional et r\u00e9gional des politiques et des cadres r\u00e9glementaires relatifs aux intrants et produits agricoles ;<br>\u2013 du suivi et de la mise en \u0153uvre des conventions internationales ratifi\u00e9es par le Cameroun et relatives aux intrants et produits agricoles, ainsi qu\u2019aux ressources phytog\u00e9n\u00e9tiques pour l\u2019alimentation et l\u2019agriculture ;<br>\u2013 de l\u2019organisation et du suivi de la certification des semences et plants ;<br>\u2013 de l\u2019organisation et du suivi du contr\u00f4le de qualit\u00e9 des intrants et produits agricoles ;<br>\u2013 de l\u2019organisation et du suivi du contr\u00f4le phytosanitaire aux fronti\u00e8res ;<br>\u2013 de l\u2019homologation des pesticides \u00e0 usage agricole ;<br>\u2013 de l\u2019homologation des esp\u00e8ces et vari\u00e9t\u00e9s en relation avec le Conseil National des Semences et Obtentions V\u00e9g\u00e9tales ;<br>\u2013 de l\u2019\u00e9laboration des normes de contr\u00f4le de la qualit\u00e9 des engrais ;<br>\u2013 de l\u2019\u00e9laboration et de la r\u00e9glementation des biotechnologies pour l\u2019alimentation et l\u2019agriculture et du contr\u00f4le de sa mise en application ;<br>\u2013 de l\u2019\u00e9laboration et de la mise en \u0153uvre de la politique de certification de l\u2019origine des produits agricoles ;<br>\u2013 de l\u2019inspection des produits.<br>(2) Elle comprend :<br>\u2013 la Sous-Direction de la R\u00e9glementation des Pesticides, des Engrais et des Appareils de Traitement ;<br>\u2013 la Sous-Direction de la R\u00e9glementation des Semences et de la Quarantaine V\u00e9g\u00e9tale ;<br>\u2013 le Laboratoire National d\u2019Analyse Diagnostique des Produits et des Intrants Agricoles.<\/p>\n","protected":false},"excerpt":{"rendered":"<p>\u00a0LA DIRECTION DE LA REGLEMENTATION ET DU CONTROLE DE QUALITE\u00a0DES INTRANTS ET DES PRODUITS AGRICOLES\u00a0 (1) Plac\u00e9e sous l\u2019autorit\u00e9 d\u2019un Directeur, la Direction de la R\u00e9glementation et du Contr\u00f4le de Qualit\u00e9 des Intrants et des Produits Agricoles est charg\u00e9e :\u2013 de l\u2019\u00e9laboration de la r\u00e9glementation relative aux intrants et produits agricoles et \u00e0 l\u2019agriculture biologique [&hellip;]<\/p>\n","protected":false},"author":1,"featured_media":0,"parent":0,"menu_order":0,"comment_status":"closed","ping_status":"closed","template":"","meta":{"footnotes":""},"class_list":["post-5401","page","type-page","status-publish","hentry"],"jetpack_sharing_enabled":true,"jetpack_likes_enabled":true,"_links":{"self":[{"href":"https:\/\/www.minader.cm\/index.php\/wp-json\/wp\/v2\/pages\/5401","targetHints":{"allow":["GET"]}}],"collection":[{"href":"https:\/\/www.minader.cm\/index.php\/wp-json\/wp\/v2\/pages"}],"about":[{"href":"https:\/\/www.minader.cm\/index.php\/wp-json\/wp\/v2\/types\/page"}],"author":[{"embeddable":true,"href":"https:\/\/www.minader.cm\/index.php\/wp-json\/wp\/v2\/users\/1"}],"replies":[{"embeddable":true,"href":"https:\/\/www.minader.cm\/index.php\/wp-json\/wp\/v2\/comments?post=5401"}],"version-history":[{"count":1,"href":"https:\/\/www.minader.cm\/index.php\/wp-json\/wp\/v2\/pages\/5401\/revisions"}],"predecessor-version":[{"id":5403,"href":"https:\/\/www.minader.cm\/index.php\/wp-json\/wp\/v2\/pages\/5401\/revisions\/5403"}],"wp:attachment":[{"href":"https:\/\/www.minader.cm\/index.php\/wp-json\/wp\/v2\/media?parent=5401"}],"curies":[{"name":"wp","href":"https:\/\/api.w.org\/{rel}","templated":true}]}}