{"id":445,"date":"2016-07-11T12:51:48","date_gmt":"2016-07-11T12:51:48","guid":{"rendered":"http:\/\/www.minader.cm\/?page_id=445"},"modified":"2019-10-10T14:44:11","modified_gmt":"2019-10-10T14:44:11","slug":"edito","status":"publish","type":"page","link":"https:\/\/www.minader.cm\/index.php\/le-minader\/edito\/","title":{"rendered":"EDITORIAL (en Fran\u00e7ais)"},"content":{"rendered":"<div class=\"fusion-fullwidth fullwidth-box fusion-fullwidth-1  fusion-parallax-none nonhundred-percent-fullwidth\" style=\"border-color:#eae9e9;border-bottom-width: 0px;border-top-width: 0px;border-bottom-style: solid;border-top-style: solid;padding-bottom:20px;padding-top:20px;padding-left:px;padding-right:px;\"><style type=\"text\/css\" scoped=\"scoped\">.fusion-fullwidth-1 {\n                            padding-left: px !important;\n                            padding-right: px !important;\n                        }<\/style><div class=\"fusion-row\"><div class=\"fusion-one-half fusion-layout-column fusion-spacing-yes\" style=\"margin-top:0px;margin-bottom:20px;\"><div class=\"fusion-column-wrapper\"><span class=\"fusion-imageframe imageframe-none imageframe-1 hover-type-none\"> <img data-recalc-dims=\"1\" height=\"1007\" width=\"669\" decoding=\"async\" src=\"https:\/\/i0.wp.com\/www.minader.cm\/wp-content\/uploads\/2019\/09\/DSC_0731-680x1024.jpg?resize=669%2C1007\" alt=\"\" class=\"img-responsive\"\/><\/span><div class=\"fusion-clearfix\"><\/div><\/div><\/div><div class=\"fusion-one-half fusion-layout-column fusion-column-last fusion-spacing-yes\" style=\"margin-top:0px;margin-bottom:20px;\"><div class=\"fusion-column-wrapper\"><h2><strong>EDITORIAL<\/strong><\/h2>\n<h3><strong>MBAIROBE Gabriel <\/strong><\/h3>\n<h3><strong>Ministre de l\u2019Agriculture et du D\u00e9veloppement Rural <\/strong><\/h3>\n<h2><strong>MOBILISATION, \u00a0PRODUCTIVITE AGRICOLE <\/strong><\/h2>\n<p style=\"text-align: justify;\"><strong>\u00a0<\/strong>\u00a0\u00a0\u00a0\u00a0\u00a0\u00a0\u00a0\u00a0\u00a0\u00a0\u00a0 Le train de la croissance \u00e9conomique est sur les rails. Son parcours emprunte les voies de l\u2019or vert. L\u2019Agriculture est en passe de devenir l\u2019un des leviers essentiels de notre \u00e9conomie nationale.<\/p>\n<p style=\"text-align: justify;\">Au Minist\u00e8re de l\u2019Agriculture et du D\u00e9veloppement Rural, nous gardons le cap sur notre mandat\u00a0: l\u2019\u00e9laboration, la planification et la r\u00e9alisation des programmes gouvernementaux relatifs \u00e0 l\u2019agriculture et au d\u00e9veloppement rural, tout comme, l\u2019encadrement, n\u00e9cessaire \u00e0 la protection des diff\u00e9rentes sp\u00e9culations dans toutes les fili\u00e8res\u00a0; la promotion de l\u2019autosuffisance alimentaire, entre autres, mais surtout, \u00a0la recherche des voies et moyens pour faire de l\u2019agriculture, une \u00e9conomie r\u00e9elle.<\/p>\n<p style=\"text-align: justify;\">Il s\u2019agit l\u00e0, d\u2019un challenge \u00e9norme, assur\u00e9ment\u00a0! Car, \u00a0il va falloir conduire \u00e0 terme les politiques publiques novatrices en la mati\u00e8re, \u00a0et ajuster, \u00a0sans doute, \u00a0avec les r\u00e9formes cons\u00e9quentes, \u00e0 travers une r\u00e9organisation structurelle appropri\u00e9e qui garantisse la transition dans le domaine agricole, de la force ouvri\u00e8re \u00e0 la force industrielle. Il en d\u00e9coule un challenge, celui de gagner le pari de la mobilisation tous azimuts de tous les acteurs concern\u00e9s. Cela doit passer par les vecteurs de la communication, pour parvenir \u00e0 la mutation de notre agriculture en une agriculture de seconde g\u00e9n\u00e9ration. La communication dans son r\u00f4le de facilitation et de vulgarisation doit frayer \u00a0les chemins et les voies de sortie\u00a0 de l\u2019ignorance\u00a0 et de l\u2019obscurantisme pour d\u00e9boucher sur une v\u00e9ritable r\u00e9volution des mentalit\u00e9s.<\/p>\n<p style=\"text-align: justify;\">Aller \u00e0 la conqu\u00eate de la richesse que repr\u00e9sente la valorisation \u00a0de la terre, d\u00e9velopper des techniques modernes de production, encadrer la main d\u2019\u0153uvre, nourrir la population, conqu\u00e9rir de nouveaux march\u00e9s. La communication est appel\u00e9e \u00e0 nous offrir, l\u2019une de nos vitrines, mieux encore, \u00a0l\u2019un des leviers de notre action.<\/p>\n<p style=\"text-align: justify;\">Dans son message \u00e0 la jeunesse le 10 f\u00e9vrier 2016, le Chef de l\u2019Etat, <strong>Son Excellence Paul<\/strong> <strong>BIYA<\/strong>, a demand\u00e9 aux jeunes\u00a0 de s\u2019informer sur les diff\u00e9rents programmes qui existent dans le domaine agricole. En lui embo\u00eetant le pas, au Minist\u00e8re de l\u2019Agriculture et du D\u00e9veloppement Rural, nous avons choisi \u00a0de rendre l\u2019information disponible. \u00a0Nous viendrons vers vous, pour vous la procurer. La mise \u00e0 jour de ce site d\u2019information en est le premier pas et la premi\u00e8re \u00a0illustration.<\/p>\n<p>Restons en ligne\u2026<\/p>\n<p>&nbsp;<\/p>\n<table width=\"691\">\n<tbody>\n<tr>\n<td width=\"341\"><\/td>\n<td width=\"25\"><\/td>\n<td width=\"325\">&nbsp;<\/p>\n<p><sup>\u00a0<\/sup><\/td>\n<\/tr>\n<\/tbody>\n<\/table>\n<div class=\"fusion-clearfix\"><\/div><\/div><\/div><div class=\"fusion-clearfix\"><\/div><\/div><\/div>\n","protected":false},"excerpt":{"rendered":"","protected":false},"author":1,"featured_media":0,"parent":13,"menu_order":0,"comment_status":"closed","ping_status":"closed","template":"","meta":{"footnotes":""},"class_list":["post-445","page","type-page","status-publish","hentry"],"jetpack_sharing_enabled":true,"jetpack_likes_enabled":true,"_links":{"self":[{"href":"https:\/\/www.minader.cm\/index.php\/wp-json\/wp\/v2\/pages\/445","targetHints":{"allow":["GET"]}}],"collection":[{"href":"https:\/\/www.minader.cm\/index.php\/wp-json\/wp\/v2\/pages"}],"about":[{"href":"https:\/\/www.minader.cm\/index.php\/wp-json\/wp\/v2\/types\/page"}],"author":[{"embeddable":true,"href":"https:\/\/www.minader.cm\/index.php\/wp-json\/wp\/v2\/users\/1"}],"replies":[{"embeddable":true,"href":"https:\/\/www.minader.cm\/index.php\/wp-json\/wp\/v2\/comments?post=445"}],"version-history":[{"count":8,"href":"https:\/\/www.minader.cm\/index.php\/wp-json\/wp\/v2\/pages\/445\/revisions"}],"predecessor-version":[{"id":1196,"href":"https:\/\/www.minader.cm\/index.php\/wp-json\/wp\/v2\/pages\/445\/revisions\/1196"}],"up":[{"embeddable":true,"href":"https:\/\/www.minader.cm\/index.php\/wp-json\/wp\/v2\/pages\/13"}],"wp:attachment":[{"href":"https:\/\/www.minader.cm\/index.php\/wp-json\/wp\/v2\/media?parent=445"}],"curies":[{"name":"wp","href":"https:\/\/api.w.org\/{rel}","templated":true}]}}