{"id":20,"date":"2016-06-20T11:31:29","date_gmt":"2016-06-20T11:31:29","guid":{"rendered":"http:\/\/www.minader.cm\/?page_id=20"},"modified":"2023-06-28T18:00:45","modified_gmt":"2023-06-28T18:00:45","slug":"projets-et-programmes","status":"publish","type":"page","link":"https:\/\/www.minader.cm\/index.php\/nos-institutions\/projets-et-programmes\/","title":{"rendered":"PROJETS ET PROGRAMMES"},"content":{"rendered":"<div class=\"wondercarousellightbox_options\" data-skinsfoldername=\"\"  data-jsfolder=\"https:\/\/www.minader.cm\/wp-content\/plugins\/wonderplugin-carousel\/engine\/\" style=\"display:none;\"><\/div>\r\n<style type=\"text\/css\">@import url(https:\/\/fonts.googleapis.com\/css?family=Open+Sans);   #wonderplugincarousel-23 .amazingcarousel-image {\t \tposition: relative; \tpadding: 4px; }  #wonderplugincarousel-23 .amazingcarousel-image img { \tdisplay: block; \twidth: 100%; \tmax-width: 100%; \tborder: 0; \tmargin: 0; \tpadding: 0; \t-moz-border-radius: 0px; \t-webkit-border-radius: 0px; \tborder-radius: 0px; \t-moz-box-shadow:  0 1px 4px rgba(0, 0, 0, 0.2); \t-webkit-box-shadow: 0 1px 4px rgba(0, 0, 0, 0.2); \tbox-shadow: 0 1px 4px rgba(0, 0, 0, 0.2); }  #wonderplugincarousel-23 .amazingcarousel-title { \tposition:relative; \tfont:14px \"Open Sans\", sans-serif; \tcolor:#333333; \tmargin:6px; \ttext-align:center; \ttext-shadow:0px 1px 1px #fff; }  #wonderplugincarousel-23 .amazingcarousel-list-container {  \tpadding: 16px 0; }  #wonderplugincarousel-23 .amazingcarousel-item-container { \ttext-align: center; \tpadding: 4px; \tbackground-color: #fff; \tborder: 1px solid #ddd; \t-moz-box-shadow: 0px 0px 5px 1px rgba(96, 96, 96, 0.1); \t-webkit-box-shadow: 0px 0px 5px 1px rgba(96, 96, 96, 0.1); \tbox-shadow: 0px 0px 5px 1px rgba(96, 96, 96, 0.1); }  #wonderplugincarousel-23 .amazingcarousel-prev { \tleft: 0%; \ttop: 50%; \tmargin-left: -48px; \tmargin-top: -16px; }  #wonderplugincarousel-23 .amazingcarousel-next { \tright: 0%; \ttop: 50%; \tmargin-right: -48px; \tmargin-top: -16px; }  #wonderplugincarousel-23 .amazingcarousel-nav { \tposition: absolute; \twidth: 100%; \ttop: 100%; }  #wonderplugincarousel-23 .amazingcarousel-bullet-wrapper { \tmargin: 4px auto; }  .amazingcarousel-socialmedia-button { \tdisplay: inline-block; \tmargin: 4px; }  .amazingcarousel-socialmedia-button a { \tbox-shadow: none; }  .amazingcarousel-socialmedia-icon { \tdisplay:table-cell; \twidth:32px; \theight:32px; \tfont-size:18px; \tborder-radius:50%; \tcolor:#fff; \tvertical-align:middle; \ttext-align:center; \tcursor:pointer; \tpadding:0; }  .amazingcarousel-socialmedia-rotate { \ttransition: transform .4s ease-in;  }   .amazingcarousel-socialmedia-rotate:hover {  \ttransform: rotate(360deg);  }<\/style><div class=\"wonderplugincarousel-container\" id=\"wonderplugincarousel-container-23\"><div class=\"wonderplugincarousel\" id=\"wonderplugincarousel-23\" data-carouselid=\"23\" data-width=\"240\" data-height=\"180\" data-skin=\"classic\" data-showimgtitle=\"false\" data-sameheight=\"false\" data-sameheightresponsive=\"false\" data-fullwidth=\"false\" data-centerimage=\"true\" data-fitimage=\"false\" data-fitcenterimage=\"false\" data-fixaspectratio=\"true\" data-autoplay=\"true\" data-random=\"false\" data-circular=\"true\" data-pauseonmouseover=\"true\" data-continuous=\"false\" data-responsive=\"true\" data-showhoveroverlay=\"true\" data-showhoveroverlayalways=\"false\" data-hidehoveroverlayontouch=\"false\" data-lightboxresponsive=\"true\" data-lightboxshownavigation=\"false\" data-lightboxnogroup=\"false\" data-lightboxshowtitle=\"true\" data-lightboxshowdescription=\"false\" data-lightboxaddsocialmedia=\"false\" data-usescreenquery=\"false\" data-donotinit=\"false\" data-addinitscript=\"false\" data-doshortcodeontext=\"false\" data-lightboxshowsocial=\"false\" data-lightboxshowfacebook=\"true\" data-lightboxshowtwitter=\"true\" data-lightboxshowpinterest=\"true\" data-lightboxsocialrotateeffect=\"true\" data-donotcircularforless=\"false\" data-hidecontainerbeforeloaded=\"false\" data-hidecontaineroninit=\"true\" data-lightboximagekeepratio=\"true\" data-showplayvideo=\"true\" data-triggerresize=\"false\" data-lightboxfullscreenmode=\"false\" data-lightboxcloseonoverlay=\"true\" data-lightboxvideohidecontrols=\"false\" data-lightboxautoslide=\"false\" data-lightboxshowtimer=\"true\" data-lightboxshowplaybutton=\"true\" data-lightboxalwaysshownavarrows=\"false\" data-lightboxshowtitleprefix=\"true\" data-spacing=\"18\" data-rownumber=\"1\" data-visibleitems=\"3\" data-arrowstyle=\"always\" data-arrowimage=\"arrows-32-32-2.png\" data-arrowwidth=\"32\" data-arrowheight=\"32\" data-navstyle=\"bullets\" data-navimage=\"bullet-16-16-0.png\" data-navwidth=\"16\" data-navheight=\"16\" data-navspacing=\"8\" data-hoveroverlayimage=\"hoveroverlay-64-64-3.png\" data-lightboxthumbwidth=\"90\" data-lightboxthumbheight=\"60\" data-lightboxthumbtopmargin=\"12\" data-lightboxthumbbottommargin=\"4\" data-lightboxbarheight=\"64\" data-lightboxtitlebottomcss=\"{color:#333; font-size:14px; font-family:Armata,sans-serif,Arial; overflow:hidden; text-align:left;}\" data-lightboxdescriptionbottomcss=\"{color:#333; font-size:12px; font-family:Arial,Helvetica,sans-serif; overflow:hidden; text-align:left; margin:4px 0px 0px; padding: 0px;}\" data-continuousduration=\"2500\" data-autoplaydir=\"left\" data-scrollmode=\"page\" data-interval=\"3000\" data-transitionduration=\"1000\" data-lightboxtitlestyle=\"bottom\" data-lightboximagepercentage=\"75\" data-lightboxdefaultvideovolume=\"1\" data-lightboxoverlaybgcolor=\"#000\" data-lightboxoverlayopacity=\"0.9\" data-lightboxbgcolor=\"#fff\" data-lightboxtitleprefix=\"%NUM \/ %TOTAL\" data-lightboxtitleinsidecss=\"color:#fff; font-size:16px; font-family:Arial,Helvetica,sans-serif; overflow:hidden; text-align:left;\" data-lightboxdescriptioninsidecss=\"color:#fff; font-size:12px; font-family:Arial,Helvetica,sans-serif; overflow:hidden; text-align:left; margin:4px 0px 0px; padding: 0px;\" data-playvideoimage=\"playvideo-64-64-0.png\" data-playvideoimagepos=\"center\" data-imgtitle=\"title\" data-circularlimit=\"3\" data-lightboxsocialposition=\"position:absolute;top:100%;right:0;\" data-lightboxsocialpositionsmallscreen=\"position:absolute;top:100%;right:0;left:0;\" data-lightboxsocialdirection=\"horizontal\" data-lightboxsocialbuttonsize=\"32\" data-lightboxsocialbuttonfontsize=\"18\" data-sameheightmediumscreen=\"769\" data-sameheightmediumheight=\"200\" data-sameheightsmallscreen=\"415\" data-sameheightsmallheight=\"150\" data-triggerresizedelay=\"100\" data-lightboxslideinterval=\"5000\" data-lightboxtimerposition=\"bottom\" data-lightboxtimercolor=\"#dc572e\" data-lightboxtimeropacity=\"1\" data-lightboxbordersize=\"8\" data-lightboxborderradius=\"0\" data-screenquery='{ \"tablet\": { \"screenwidth\": 800, \"visibleitems\": 2 }, \"mobile\": { \"screenwidth\": 480, \"visibleitems\": 1 } }' data-jsfolder=\"https:\/\/www.minader.cm\/wp-content\/plugins\/wonderplugin-carousel\/engine\/\" style=\"display:none;position:relative;margin:0 auto;width:100%;max-width:720px;\" ><div class=\"amazingcarousel-list-container\" style=\"overflow:hidden;\"><ul class=\"amazingcarousel-list\"><li class=\"amazingcarousel-item\"><div class=\"amazingcarousel-item-container\"><div class=\"amazingcarousel-image\"><a href=\"https:\/\/www.minader.cm\/index.php\/2023\/07\/03\/rgae\/\"><img decoding=\"async\" src=\"https:\/\/i0.wp.com\/www.minader.cm\/wp-content\/uploads\/2023\/07\/logo-rgae-e1688387200293.png?resize=150%2C150&ssl=1\" alt=\"RGAE\" data-description=\"Recensement G\u00e9n\u00e9ral l&#39;Agriculture et de l&#39;Elevage Coordonnateur G\u00e9n\u00e9ral: MBAIRANODJI Andr\u00e9, MINADER Situation G\u00e9ographique: Yaound\u00e9 - Bastos Coordonnateur Adjoint: Dr KEMGANG Henry, MINEPIA MISSIONS DU RGAEInstitu\u00e9 par d\u00e9cret pr\u00e9sidentiel n\u00b02015\/292 du 29 juin 2015, Le recensement G\u00e9n\u00e9ral de l\u2019Agriculture et de l\u2019Elevage (RGAE) a pour la mission principale de mettre \u00e0 la disposition du Gouvernement et\u2026\" \/><\/a><\/div>\n<div class=\"amazingcarousel-title\">RGAE<\/div><\/div><\/li><li class=\"amazingcarousel-item\"><div class=\"amazingcarousel-item-container\"><div class=\"amazingcarousel-image\"><a href=\"https:\/\/www.minader.cm\/index.php\/2023\/04\/20\/pndcf\/\"><img decoding=\"async\" src=\"https:\/\/i0.wp.com\/www.minader.cm\/wp-content\/uploads\/2023\/04\/telechargement-13.jpeg?resize=150%2C150&ssl=1\" alt=\"PNDCF\" data-description=\"Suivez toutes nos activit\u00e9s en cliquant sur lien ci-dessous: https:\/\/faba.cirad.fr\/ Projet National de D\u00e9veloppement des Cultures Fruiti\u00e8res (PNDCF)&nbsp; Organise avec ses partenaires La Formation Agricole pour la Banane plantain en Afrique Le projet FABA - Formation Agricole pour la Banane plantain en Afrique - a \u00e9t\u00e9 financ\u00e9 par le Minist\u00e8re de l\u2019Europe et des Affaires\u2026\" \/><\/a><\/div>\n<div class=\"amazingcarousel-title\">PNDCF<\/div><\/div><\/li><li class=\"amazingcarousel-item\"><div class=\"amazingcarousel-item-container\"><div class=\"amazingcarousel-image\"><a href=\"https:\/\/www.minader.cm\/index.php\/2023\/02\/09\/pd-cva\/\"><img decoding=\"async\" src=\"https:\/\/i0.wp.com\/www.minader.cm\/wp-content\/uploads\/2023\/02\/images-2.jpeg?resize=150%2C120&ssl=1\" alt=\"PD-CVA\" data-description=\"PROJET DE DEVELOPPEMENT DES CHAINES DE VALEURS AGRICOLES Coordonnatrice: Mme NKODO Jeanine \u00e9pse ATANGA Unit\u00e9 de Coordination du Projet\u00a0(UCP)Quartier Bastos\/Golf, rue de la TunisieT\u00e9l\u00e9phone: 222 21 08 27 \/ 691 14 80 60Email: pdcva@pdcvacameroun.com Site web: http:\/\/pdcvacameroun.com\/ Aper\u00e7u du Projet Le Projet de D\u00e9veloppement des Cha\u00eenes de Valeurs Agricoles (PD-CVA) est un outil de mise\u2026\" \/><\/a><\/div>\n<div class=\"amazingcarousel-title\">PD-CVA<\/div><\/div><\/li><li class=\"amazingcarousel-item\"><div class=\"amazingcarousel-item-container\"><div class=\"amazingcarousel-image\"><a href=\"https:\/\/www.minader.cm\/index.php\/2023\/02\/07\/proderip\/\"><img decoding=\"async\" src=\"https:\/\/i0.wp.com\/www.minader.cm\/wp-content\/uploads\/2023\/02\/images-1.png?resize=150%2C147&ssl=1\" alt=\"PRODERIP\" data-description=\"PROJET DE DEVELOPPEMENT DE LA RIZICULTURE IRRIGUEE ET PLUVIALE Tel: 222&nbsp;221 601 Email: rizproderip@gmail.com localisation: Yaound\u00e9-Cameroun Coordonnateur National: Emile FOLEFACK TSOPKENG https:\/\/www.minader.cm\/index.php\/2021\/10\/31\/album-des-champs-semenciers-du-projet-de-developpement-de-la-riziculture-irriguee-et-pluviale-proderip\/ Champs Semencier de PRODERIP- RCV \u00e0 Ebolowa en plein essor\" \/><\/a><\/div>\n<div class=\"amazingcarousel-title\">PRODERIP<\/div><\/div><\/li><li class=\"amazingcarousel-item\"><div class=\"amazingcarousel-item-container\"><div class=\"amazingcarousel-image\"><a href=\"https:\/\/www.minader.cm\/index.php\/2023\/02\/07\/pasgirap\/\"><img decoding=\"async\" src=\"https:\/\/i0.wp.com\/www.minader.cm\/wp-content\/uploads\/2023\/02\/PASGIRAP.webp?resize=150%2C150&ssl=1\" alt=\"PASGIRAP\" data-description=\"PROGRAMME D\u2019APPUI A LA SECURISATION ET A LA GESTION INTEGREE DES RESSOURCES AGROPASTORALES I. Justification du PASGIRAP Le programme ASGIRAP a \u00e9t\u00e9 \u00e9labor\u00e9 en 2013 pour r\u00e9pondre aux probl\u00e8mes de d\u00e9gradation continue des terres et des p\u00e2turages, d\u2019accroissement des conflits fonciers et agro-pastoraux, et de non-durabilit\u00e9 des comit\u00e9s de gestion des ressources naturelles qui ont\u2026\" \/><\/a><\/div>\n<div class=\"amazingcarousel-title\">PASGIRAP<\/div><\/div><\/li><li class=\"amazingcarousel-item\"><div class=\"amazingcarousel-item-container\"><div class=\"amazingcarousel-image\"><a href=\"https:\/\/www.minader.cm\/index.php\/2023\/02\/06\/padfa-ii\/\"><img decoding=\"async\" src=\"https:\/\/i0.wp.com\/www.minader.cm\/wp-content\/uploads\/2023\/02\/cropped-logo-entete-e1655205619469.png?resize=143%2C143&ssl=1\" alt=\"PADFA II\" data-description=\"PROJET D&#39;APPUI AU DEVELOPPEMENT DES FILIERES AGRICOLES PHASE II Bastos - Yaound\u00e9, derri\u00e8re Ambassade de Chine Adresse Mail : padfacameroun@padfa.net https:\/\/www.facebook.com\/padfacameroon Mme MARIGOH Bouquet H\u00e9l\u00e8ne, Coordinatrice G\u00e9n\u00e9ral Le PADFA dans sa mise en \u0153uvre s\u2019arrime aux orientations strat\u00e9giques pertinentes du FIDA (Fonds International de D\u00e9veloppement Agricole). Il partage de ce fait une vision commune. Quelque\u2026\" \/><\/a><\/div>\n<div class=\"amazingcarousel-title\">PADFA II<\/div><\/div><\/li><li class=\"amazingcarousel-item\"><div class=\"amazingcarousel-item-container\"><div class=\"amazingcarousel-image\"><a href=\"https:\/\/www.minader.cm\/index.php\/2022\/12\/29\/pnvrsa\/\"><img decoding=\"async\" src=\"https:\/\/i0.wp.com\/www.minader.cm\/wp-content\/uploads\/2022\/12\/pnsvra.jpg?resize=150%2C150&ssl=1\" alt=\"PNVRSA\" data-description=\"Projet National de Veille et de Renforcement de la S\u00e9curit\u00e9 Alimentaire (PNVRSA) Coordonnateur National: MAINA HAMADOU Localisation: Yaound\u00e9 ACTUALITE DU PNVRSA Bulletin d&#39;alerte pr\u00e9coce du PNVRSA : Situation globale de l&#39;insecurit\u00e9 alimentaire et de la resilience au Cameroun- octobre 2022 \u00e0 Fevrier 2023 Lire le bulletin ...T\u00e9l\u00e9charger\" \/><\/a><\/div>\n<div class=\"amazingcarousel-title\">PNVRSA<\/div><\/div><\/li><li class=\"amazingcarousel-item\"><div class=\"amazingcarousel-item-container\"><div class=\"amazingcarousel-image\"><a href=\"https:\/\/www.minader.cm\/index.php\/2022\/12\/29\/pidma\/\"><img decoding=\"async\" src=\"https:\/\/i0.wp.com\/www.minader.cm\/wp-content\/uploads\/2022\/12\/images-1.png?resize=150%2C130&ssl=1\" alt=\"PIDMA\" data-description=\"PIDMA - Projet d&#39;Investissement et de D\u00e9veloppement des March\u00e9s Agricoles Details: https:\/\/fr-fr.facebook.com\/PIDMA\/ pidma_2014@yahoo.fr Yaound\u00e9- Cameroun Tel: 2 22 21 89 38 Coordonnateur National: NGUE BISSA Thomas Objectif\u00a0: Accro\u00eetre l\u2019offre et la valeur ajout\u00e9e des produits du manioc, ma\u00efs et du sorgho issus des b\u00e9n\u00e9ficiaires que sont les fermes agricoles, les coop\u00e9ratives et les petites et\u2026\" \/><\/a><\/div>\n<div class=\"amazingcarousel-title\">PIDMA<\/div><\/div><\/li><li class=\"amazingcarousel-item\"><div class=\"amazingcarousel-item-container\"><div class=\"amazingcarousel-image\"><a href=\"https:\/\/www.minader.cm\/index.php\/2022\/12\/29\/padmir\/\"><img decoding=\"async\" src=\"https:\/\/i0.wp.com\/www.minader.cm\/wp-content\/uploads\/2022\/12\/download-1.png?resize=150%2C150&ssl=1\" alt=\"PADMIR\" data-description=\"Projet d&#39;Appui au D\u00e9veloppement de la Microfinance Rurale (PADMIR) https:\/\/www.padmir-cameroun.org\/ info@padmir-cm.org Localisation: Vall\u00e9e Bastos- Yaound\u00e9 Cameroun Tel: (+237)2 22 20 49 72 Coordonateur National: Thomas NKouenkeu Sp\u00e9cialiste dans le d\u00e9veloppement et la micro finance rurale HISTORIQUE &nbsp; &nbsp; La R\u00e9publique du Cameroun avait sign\u00e9 avec le Fonds International de D\u00e9veloppement Agricole (FIDA) en mai 2009,\u2026\" \/><\/a><\/div>\n<div class=\"amazingcarousel-title\">PADMIR<\/div><\/div><\/li><li class=\"amazingcarousel-item\"><div class=\"amazingcarousel-item-container\"><div class=\"amazingcarousel-image\"><a href=\"https:\/\/www.minader.cm\/index.php\/2022\/12\/29\/pea-jeunes\/\"><img decoding=\"async\" src=\"https:\/\/i0.wp.com\/www.minader.cm\/wp-content\/uploads\/2022\/12\/logo-peajeunes-1-e1672298438112.png?resize=120%2C120&ssl=1\" alt=\"PEA-Jeunes\" data-description=\"&nbsp;Programme de Promotion de l\u2019Entreprenariat Agropastoral des jeunes (PEA-Jeunes) Details: Localisation: Cameroun-Yaound\u00e9-Batos-Face H\u00f4tel Meumi Palace Contact: +237 222 20 90 90 https:\/\/pea-jeunes.org\/\u00a0 \u00a0\u00a0 https:\/\/web.facebook.com\/peajeunescm Coordonnateur National: Alfred Bela Tomo Le Programme de Promotion de l\u2019Entreprenariat Agropastoral des jeunes (PEA-Jeunes) est un instrument que l\u2019Etat du Cameroun avec l\u2019appui technique et financier du Fonds International de\u2026\" \/><\/a><\/div>\n<div class=\"amazingcarousel-title\">PEA-Jeunes<\/div><\/div><\/li><\/ul><div class=\"amazingcarousel-prev\"><\/div><div class=\"amazingcarousel-next\"><\/div><\/div><div class=\"amazingcarousel-nav\"><\/div><\/div><\/div>\n\n\n<div class=\"fusion-one-full fusion-layout-column fusion-column-last fusion-spacing-yes\" style=\"margin-top:0px;margin-bottom:20px;\"><div class=\"fusion-column-wrapper\"><h3>\u00a0<\/h3>\n<h3>\u00a0<\/h3>\n<h3 style=\"text-align: center;\"><span style=\"color: #c40831;\"><em>\u00a0<a style=\"color: #c40831;\" href=\"http:\/\/www.minader.cm\/wp-content\/uploads\/2020\/02\/Restructuration-Projet-Programme-MINADER-2020.pdf\" target=\"_blank\" rel=\"noopener\">Restructuration des Projets et Programmes MINADER 2020 en PDF ICI<\/a><\/em><\/span><\/h3>\n<div class=\"fusion-clearfix\"><\/div><\/div><\/div><div class=\"fusion-clearfix\"><\/div><div class=\"fusion-one-full fusion-layout-column fusion-column-last fusion-spacing-yes\" style=\"margin-top:0px;margin-bottom:20px;\"><div class=\"fusion-column-wrapper\" style=\"background-color:#0f8922;padding:20px;\"><p style=\"text-align: center;\" align=\"center\"><span style=\"color: #ffffff;\"><strong>LISTE DES PROJETS ET PROGRAMMES OPERATIONNELS DU MINISTERE DE L\u2019AGRICULTURE ET DU DEVELOPPEMENT RURAL A FINANCEMENT EXCLUSIF BIP\/FODECC<\/strong><\/span><\/p>\n<p style=\"text-align: center;\" align=\"center\"><span style=\"color: #ffffff;\"><strong>\u00a0<\/strong><br \/>CONFORMEMENT AUX DISPOSITIONS DE LA DECISION N\u00b000026 \/MINADER\/CAB DU 17 FEVRIER 2020<\/span><\/p>\n<div class=\"fusion-clearfix\"><\/div><\/div><\/div><div class=\"fusion-clearfix\"><\/div><div class=\"fusion-one-full fusion-layout-column fusion-column-last fusion-spacing-yes\" style=\"margin-top:0px;margin-bottom:20px;\"><div class=\"fusion-column-wrapper\"><ul>\n<li><span style=\"color: #008000;\"><em><u><b>PROJETS ET PROGRAMMES CL\u00d4TUR\u00c9S\u00a0AU 31 D\u00c9CEMBRE\u00a02019<\/b><\/u><b>.<\/b><\/em><\/span><\/li>\n<\/ul>\n<ol>\n<li>PROJET DE D\u00c9VELOPPEMENT DE L&rsquo;HORTICULTURE URBAINE ET P\u00c9RI-URBAINE (<strong>PDHUPU<\/strong>)<\/li>\n<li>PROJET D&rsquo;APPUI A\u00a0 LA CULTURE DE L&rsquo;OKOK (<strong>PAPCO<\/strong>)<\/li>\n<li>PROJET NATIONAL D&rsquo;APPUI AU D\u00c9VELOPPEMENT DU TABAC ET DES PLANTES STIMULANTES\u00a0<strong>(PNADTPS)<\/strong><\/li>\n<li>PROJET D&rsquo;APPUI AUX ETABLISSEMENTS DE MICRO FINANCE MC2 (MUTUELLE COMMUNAUTAIRE DE CROISSANCE)\u00a0<strong>(MC2\/MUFFA)<\/strong><\/li>\n<li>PROJET NATIONAL DE R\u00c9DUCTION DES PERTES POST-R\u00c9COLTES\u00a0\u00a0<strong>(PNRPPR)<\/strong><\/li>\n<li>PROJET NATIONAL DE RELANCE ET DE D\u00c9VELOPPEMENT DES FILI\u00c8RES CACAO ET CAF\u00c9\u00a0\u00a0<strong>(PNRDFCC)<\/strong><\/li>\n<li>PROJET NATIONAL D&rsquo;APPUI A L\u2019AM\u00c9LIORATION DE LA R\u00c9SILIENCE DES \u00c9COSYST\u00c8MES AU CHANGEMENT CLIMATIQUE\u00a0<strong>(PNRACC)<\/strong><\/li>\n<li>PROJET NATIONAL DE D\u00c9VELOPPEMENT DES L\u00c9GUMINEUSES A GRAINES\u00a0<strong>(PNDLG)<\/strong><\/li>\n<li>PROJET D&rsquo;AM\u00c9LIORATION DE LA GESTION DE LA QUALIT\u00c9 DANS LES FILI\u00c8RES CACAO ET CAF\u00c9 (<strong>PAGQ2C<\/strong>) SUR FINANCEMENT FODECC<\/li>\n<li>PROJET D&rsquo;APPUI A LA LUTTE ANTIFONGIQUE CACAO\/CAF\u00c9 (<strong>PALAF2C<\/strong>), SUR FINANCEMENT FODECC<\/li>\n<li>PROJET D&rsquo;APPUI A LA PRODUCTION ET A LA DIFFUSION DU MAT\u00c9RIEL V\u00c9G\u00c9TAL CACAO\/CAF\u00c9 (<strong>PPDMVCC<\/strong>), SUR FINANCEMENT FODECC<\/li>\n<li>PROJET D&rsquo;APPUI A L&rsquo;UTILISATION DES ENGRAIS SUR CACAO\/CAFE (<strong>PAUEF2C<\/strong>), SUR FINANCEMENT FODECC<\/li>\n<li>PROJET D&rsquo;APPUI A LA MISE EN PLACE DES INDICATIONS GEOGRAPHIQUES (<strong>PAMPIG<\/strong>)<\/li>\n<\/ol>\n<ul>\n<li><span style=\"color: #008000;\"><em><strong><u>PROJETS A REFORMULER<\/u><\/strong><strong>.<\/strong><\/em><\/span><\/li>\n<\/ul>\n<ol>\n<li><strong>\u00a0<\/strong>PROJET D&rsquo;APPUI A LA PRODUCTION DU MAT\u00c9RIEL V\u00c9G\u00c9TAL DE QUALIT\u00c9<strong> (PAPMAV-Q)<\/strong><\/li>\n<li>PROJET NATIONAL D&rsquo;APPUI AU D\u00c9VELOPPEMENT DES CULTURES CEREALIERES\u00a0 (<strong>PNADCC<\/strong>)<\/li>\n<li>PROJET NATIONAL DE STRUCTURATION ET D&rsquo;ACCOMPAGNEMENT DES PRODUCTEURS ET DE VULGARISATION AGRICOLE (<strong>PRO-SAPVA<\/strong>)<\/li>\n<li>PROGRAMME DE REFORME DU SOUS-SECTEUR ENGRAIS (<strong>PRSSE<\/strong>)<\/li>\n<\/ol>\n<ul>\n<li><em><span style=\"color: #008000;\"><u><b>PROJETS ET PROGRAMME OP\u00c9RATIONNELS\u00a0MAINTENUS DANS LEURS MANDATS SPECIFIQUES <\/b><\/u><strong>.<\/strong><\/span><\/em><\/li>\n<\/ul>\n<ol>\n<li>PROJET DE VEILLE ET DE RENFORCEMENT DE LA S\u00c9CURIT\u00c9 ALIMENTAIRE\u00a0<strong>(PNVRSA)<\/strong><\/li>\n<li>PROJET D&rsquo;APPUI AU D\u00c9VELOPPEMENT DES RACINES ET TUBERCULES\u00a0<strong>(PADRT)<\/strong><\/li>\n<li>PROJET D&rsquo;APPUI AU D\u00c9VELOPPEMENT DE LA MICRO FINANCE RURALE\u00a0<strong>(PADMIR)<\/strong><\/li>\n<li>PROJET D&rsquo;APPUI A L&rsquo;INSTALLATION DES JEUNES AGRICULTEURS ET DES PERSONNES VULN\u00c9RABLES\u00a0<strong>(PAIJA)<\/strong><\/li>\n<li>PROJET NATIONAL DE D\u00c9VELOPPEMENT DES CULTURES FRUITI\u00c8RES\u00a0<strong>(PNDCF)<\/strong><\/li>\n<li>PROJET NATIONAL DE D\u00c9VELOPPEMENT DU PALMIER A HUILE ET DE L\u2019H\u00c9V\u00c9A\u00a0<strong>(PNDPHH)<\/strong><\/li>\n<li>PROJET NATIONAL D&rsquo;AM\u00c9LIORATION DE LA PRODUCTION DES CULTURES MARA\u00ceCH\u00c8RES (<strong>PNAPCM<\/strong>)<\/li>\n<li>PROGRAMME D&rsquo;APPUI A LA MA\u00ceTRISE D&rsquo;OUVRAGE DES ADMINISTRATIONS DU SECTEUR RURAL (<strong>AMO<\/strong>)<\/li>\n<li>PROJET CR\u00c9DIT RURAL D\u00c9CENTRALIS\u00c9 (<strong>PCRD<\/strong>)<\/li>\n<li>PROJET DE FERME PILOTE DE RIZICULTURE IRRIGU\u00c9E D&rsquo;AVANGANE, R\u00c9GION DU CENTRE (<strong>PFRIA-C<\/strong>)<\/li>\n<li>PROJET CENTRE D&rsquo;APPLICATION DES TECHNOLOGIES AGRICOLES DU CAMEROUN (<strong>CATAC<\/strong>)<\/li>\n<li>NATIONAL COCOA ACADEMY (NCA)<\/li>\n<li>PROJET D&rsquo;APPUI AU D\u00c9VELOPPEMENT DE LA FILIERE CHAMPIGNON COMESTIBLE (<strong>PADFC<\/strong>)<\/li>\n<\/ol>\n<ul>\n<li><span style=\"color: #008000;\"><em><u><b>NOUVEAUX PROJETS OP\u00c9RATIONNELS\u00a0<\/b><\/u><b><u>CR\u00c9ES<\/u>.<\/b><\/em><\/span><\/li>\n<\/ul>\n<ol>\n<li><strong>\u00a0<\/strong>PROJET D&rsquo;APPUI AU D\u00c9VELOPPEMENT DU CACAO<strong> (PAD-CACAO)<\/strong><\/li>\n<li>PROJET D&rsquo;APPUI A LA RELANCE DE LA FILI\u00c8RE CAF\u00c9 (<strong>PARF-CAFE<\/strong>)<\/li>\n<li>PROJET D&rsquo;APPUI AU D\u00c9VELOPPEMENT DE LA FILI\u00c8RE CAJOU (<strong>PADF-CAJOU<\/strong>)<\/li>\n<\/ol>\n<p><strong>\u00a0<\/strong><\/p>\n<div class=\"fusion-clearfix\"><\/div><\/div><\/div><div class=\"fusion-clearfix\"><\/div><div class=\"fusion-one-full fusion-layout-column fusion-column-last fusion-spacing-yes\" style=\"margin-top:0px;margin-bottom:20px;\"><div class=\"fusion-column-wrapper\" style=\"background-color:#0f8922;padding:20px;\"><p style=\"text-align: center;\"><span style=\"color: #ffffff;\"><strong>AUTRES\u00a0 PROJETS ET PROGRAMMES OPERATIONNELS DU MINISTERE DE L\u2019AGRICULTURE ET DU DEVELOPPEMENT RURAL<\/strong><\/span><\/p>\n<div class=\"fusion-clearfix\"><\/div><\/div><\/div><div class=\"fusion-clearfix\"><\/div><div class=\"fusion-one-full fusion-layout-column fusion-column-last fusion-spacing-yes\" style=\"margin-top:0px;margin-bottom:20px;\"><div class=\"fusion-column-wrapper\"><p><strong>PADFA\u00a0<\/strong>: Programme d\u2019Appui au D\u00e9veloppement des Fili\u00e8res Agricoles.<\/p>\n<p><strong>AMO\u00a0<\/strong>: Programme d\u2019Appui \u00e0 la Ma\u00eetrise d\u2019Ouvrage des Administrations du secteur Rural Minader-Minepia.<\/p>\n<p><strong>PAUEF2C\u00a0<\/strong>: Projet d\u2019Appui \u00e0 l\u2019Utilisation des engrais dans les Fili\u00e8res Cacao et Caf\u00e9.<\/p>\n<p><strong>PALAF2C<\/strong>\u00a0: Projet d\u2019Appui \u00e0 la Lutte Antifongique dans les Fili\u00e8res Cacao et Caf\u00e9.<\/p>\n<p><strong>PDRM\u00a0phase II<\/strong>: Projet de D\u00e9veloppement Rural du Mont Mbapit<\/p>\n<p><strong>GP-DERUDEP<\/strong>\u00a0: Programme de D\u00e9veloppement Rural et Participatif de Grassfield.<\/p>\n<p><strong>PPDMVCC<\/strong>\u00a0: Projet de Production et de Diffusion du Mat\u00e9riel V\u00e9g\u00e9tal Cacao, Caf\u00e9.<\/p>\n<p><strong>PRODERIP\u00a0<\/strong>: Projet de D\u00e9veloppement de la Riziculture Pluviale des Plateaux dans la zone foresti\u00e8re \u00e0 pluviom\u00e9trie bimodale.<\/p>\n<p><strong>Projet de D\u00e9veloppement Rural de la R\u00e9gion de Rumpi.<\/strong><\/p>\n<p><strong>PAGQ2C\u00a0<\/strong>: Projet d\u2019Am\u00e9lioration et de Gestion de a Qualit\u00e9 dans les Fili\u00e8res Cacao et Caf\u00e9.<\/p>\n<p><strong>AVANGANE\u00a0<\/strong>: Projet int\u00e9gr\u00e9 de d\u00e9veloppement de la culture du riz dans la R\u00e9gion du Centre.<\/p>\n<p><strong>PAPA<\/strong>\u00a0: Projet d\u2019Am\u00e9lioration de la Productivit\u00e9 Agricole.<\/p>\n<p>TCP\/CMR\/3303\u00a0: Pro<\/p>\n<p><strong>PEA Jeunes<\/strong>\u00a0: Programme de Promotion de l\u2019Entreprenariat Agropastorale des Jeunes.<\/p>\n<p><strong>PIDMA<\/strong>\u00a0: Programme d\u2019Investissement du D\u00e9veloppement des March\u00e9s Agricoles.<\/p>\n<p><strong>ASGIRAP\u00a0<\/strong>: Appui aux Strat\u00e9gies de Gestion Int\u00e9gr\u00e9e des Ressources Agro Pastorales.<\/p>\n<p><strong>PHU<\/strong>\u00a0: Programme d\u2019Horticulture en milieu Urbain.<\/p>\n<p>Projet pilote d\u2019appui \u00e0 la mise en place d\u2019une information phytosaanitaire sur la protection integr\u00e9e des cultures dans la zone foresti\u00e8re du Cameroun<\/p>\n<p><strong>SAPEP<\/strong>: Small Holders Agricultural Productivity Enchancement Programm in Sub Saharian Africa for Cameroon.<\/p>\n<p>Projet Culture Fruiti\u00e8re<\/p>\n<p><strong>PDC_VA<\/strong>\u00a0: Projet de D\u00e9veloppement des Cha\u00eenes de Valeurs Agricoles<\/p>\n<div class=\"fusion-clearfix\"><\/div><\/div><\/div><div class=\"fusion-clearfix\"><\/div>","protected":false},"excerpt":{"rendered":"","protected":false},"author":1,"featured_media":0,"parent":126,"menu_order":0,"comment_status":"closed","ping_status":"closed","template":"","meta":{"footnotes":""},"class_list":["post-20","page","type-page","status-publish","hentry"],"jetpack_sharing_enabled":true,"jetpack_likes_enabled":true,"_links":{"self":[{"href":"https:\/\/www.minader.cm\/index.php\/wp-json\/wp\/v2\/pages\/20","targetHints":{"allow":["GET"]}}],"collection":[{"href":"https:\/\/www.minader.cm\/index.php\/wp-json\/wp\/v2\/pages"}],"about":[{"href":"https:\/\/www.minader.cm\/index.php\/wp-json\/wp\/v2\/types\/page"}],"author":[{"embeddable":true,"href":"https:\/\/www.minader.cm\/index.php\/wp-json\/wp\/v2\/users\/1"}],"replies":[{"embeddable":true,"href":"https:\/\/www.minader.cm\/index.php\/wp-json\/wp\/v2\/comments?post=20"}],"version-history":[{"count":14,"href":"https:\/\/www.minader.cm\/index.php\/wp-json\/wp\/v2\/pages\/20\/revisions"}],"predecessor-version":[{"id":5386,"href":"https:\/\/www.minader.cm\/index.php\/wp-json\/wp\/v2\/pages\/20\/revisions\/5386"}],"up":[{"embeddable":true,"href":"https:\/\/www.minader.cm\/index.php\/wp-json\/wp\/v2\/pages\/126"}],"wp:attachment":[{"href":"https:\/\/www.minader.cm\/index.php\/wp-json\/wp\/v2\/media?parent=20"}],"curies":[{"name":"wp","href":"https:\/\/api.w.org\/{rel}","templated":true}]}}