{"id":1533,"date":"2020-01-30T09:03:02","date_gmt":"2020-01-30T09:03:02","guid":{"rendered":"http:\/\/www.minader.cm\/?page_id=1533"},"modified":"2023-06-28T17:30:46","modified_gmt":"2023-06-28T17:30:46","slug":"division-des-affaires-juridiques-daj","status":"publish","type":"page","link":"https:\/\/www.minader.cm\/index.php\/division-des-affaires-juridiques-daj\/","title":{"rendered":"Division des Affaires Juridiques (DAJ)"},"content":{"rendered":"\n<figure class=\"wp-block-image size-large\"><img loading=\"lazy\" decoding=\"async\" width=\"1080\" height=\"270\" src=\"https:\/\/i2.wp.com\/www.minader.cm\/wp-content\/uploads\/2023\/06\/IMG-20230628-WA0001.jpg?fit=669%2C167&amp;ssl=1\" alt=\"\" class=\"wp-image-5359\" srcset=\"https:\/\/i0.wp.com\/www.minader.cm\/wp-content\/uploads\/2023\/06\/IMG-20230628-WA0001.jpg?w=1080&amp;ssl=1 1080w, https:\/\/i0.wp.com\/www.minader.cm\/wp-content\/uploads\/2023\/06\/IMG-20230628-WA0001.jpg?resize=300%2C75&amp;ssl=1 300w, https:\/\/i0.wp.com\/www.minader.cm\/wp-content\/uploads\/2023\/06\/IMG-20230628-WA0001.jpg?resize=1024%2C256&amp;ssl=1 1024w, https:\/\/i0.wp.com\/www.minader.cm\/wp-content\/uploads\/2023\/06\/IMG-20230628-WA0001.jpg?resize=768%2C192&amp;ssl=1 768w\" sizes=\"auto, (max-width: 669px) 100vw, 669px\" \/><\/figure>\n\n\n\n<p class=\"has-text-align-center has-black-color has-vivid-green-cyan-background-color has-text-color has-background\">LA DIVISION DES AFFAIRES JURIDIQUES <\/p>\n\n\n\n<p><br>(1)Plac\u00e9e sous l\u2019autorit\u00e9 d\u2019un Chef de Division, la Division des Affaires Juridiques est charg\u00e9e:<br>\u2013 du respect de la l\u00e9galit\u00e9 et de la r\u00e9gularit\u00e9 juridique des actes;<br>\u2013 de la pr\u00e9paration et de la mise en forme des projets de textes \u00e0 caract\u00e8re l\u00e9gislatif ou r\u00e9glementaire initi\u00e9s par le Minist\u00e8re ou soumis \u00e0 la signature du Ministre;<br>\u2013 des avis juridiques sur toutes les questions concernant le Minist\u00e8re;<br>\u2013 de la promotion et de la vulgarisation de la culture juridique au sein du Minist\u00e8re;<br>\u2013 de la d\u00e9fense des int\u00e9r\u00eats de l\u2019Etat en justice chaque fois que le Minist\u00e8re est impliqu\u00e9 dans une affaire.<br>(2) Elle comprend:<br>\u2013 la Cellule des Etudes et de la R\u00e9glementation;<br>\u2013 la Cellule du Contentieux.<\/p>\n","protected":false},"excerpt":{"rendered":"<p>LA DIVISION DES AFFAIRES JURIDIQUES (1)Plac\u00e9e sous l\u2019autorit\u00e9 d\u2019un Chef de Division, la Division des Affaires Juridiques est charg\u00e9e:\u2013 du respect de la l\u00e9galit\u00e9 et de la r\u00e9gularit\u00e9 juridique des actes;\u2013 de la pr\u00e9paration et de la mise en forme des projets de textes \u00e0 caract\u00e8re l\u00e9gislatif ou r\u00e9glementaire initi\u00e9s par le Minist\u00e8re ou soumis [&hellip;]<\/p>\n","protected":false},"author":1,"featured_media":0,"parent":0,"menu_order":0,"comment_status":"closed","ping_status":"closed","template":"","meta":{"footnotes":""},"class_list":["post-1533","page","type-page","status-publish","hentry"],"jetpack_sharing_enabled":true,"jetpack_likes_enabled":true,"_links":{"self":[{"href":"https:\/\/www.minader.cm\/index.php\/wp-json\/wp\/v2\/pages\/1533","targetHints":{"allow":["GET"]}}],"collection":[{"href":"https:\/\/www.minader.cm\/index.php\/wp-json\/wp\/v2\/pages"}],"about":[{"href":"https:\/\/www.minader.cm\/index.php\/wp-json\/wp\/v2\/types\/page"}],"author":[{"embeddable":true,"href":"https:\/\/www.minader.cm\/index.php\/wp-json\/wp\/v2\/users\/1"}],"replies":[{"embeddable":true,"href":"https:\/\/www.minader.cm\/index.php\/wp-json\/wp\/v2\/comments?post=1533"}],"version-history":[{"count":2,"href":"https:\/\/www.minader.cm\/index.php\/wp-json\/wp\/v2\/pages\/1533\/revisions"}],"predecessor-version":[{"id":5380,"href":"https:\/\/www.minader.cm\/index.php\/wp-json\/wp\/v2\/pages\/1533\/revisions\/5380"}],"wp:attachment":[{"href":"https:\/\/www.minader.cm\/index.php\/wp-json\/wp\/v2\/media?parent=1533"}],"curies":[{"name":"wp","href":"https:\/\/api.w.org\/{rel}","templated":true}]}}