{"id":1493,"date":"2020-01-13T10:39:14","date_gmt":"2020-01-13T10:39:14","guid":{"rendered":"http:\/\/www.minader.cm\/?page_id=1493"},"modified":"2023-06-28T17:04:49","modified_gmt":"2023-06-28T17:04:49","slug":"direction-des-ressources-financieres-et-du-patrimoine-drfp","status":"publish","type":"page","link":"https:\/\/www.minader.cm\/index.php\/direction-des-ressources-financieres-et-du-patrimoine-drfp\/","title":{"rendered":"Direction des Ressources financi\u00e8res et du Patrimoine (DRFP)"},"content":{"rendered":"\n<figure class=\"wp-block-image size-large\"><img loading=\"lazy\" decoding=\"async\" width=\"1080\" height=\"270\" src=\"https:\/\/i0.wp.com\/www.minader.cm\/wp-content\/uploads\/2023\/06\/IMG-20230628-WA0009.jpg?fit=669%2C167&amp;ssl=1\" alt=\"\" class=\"wp-image-5363\" srcset=\"https:\/\/i0.wp.com\/www.minader.cm\/wp-content\/uploads\/2023\/06\/IMG-20230628-WA0009.jpg?w=1080&amp;ssl=1 1080w, https:\/\/i0.wp.com\/www.minader.cm\/wp-content\/uploads\/2023\/06\/IMG-20230628-WA0009.jpg?resize=300%2C75&amp;ssl=1 300w, https:\/\/i0.wp.com\/www.minader.cm\/wp-content\/uploads\/2023\/06\/IMG-20230628-WA0009.jpg?resize=1024%2C256&amp;ssl=1 1024w, https:\/\/i0.wp.com\/www.minader.cm\/wp-content\/uploads\/2023\/06\/IMG-20230628-WA0009.jpg?resize=768%2C192&amp;ssl=1 768w\" sizes=\"auto, (max-width: 669px) 100vw, 669px\" \/><\/figure>\n\n\n\n<p class=\"has-text-align-center has-black-color has-vivid-green-cyan-background-color has-text-color has-background\">LA DIRECTION DES RESSOURCES FINANCIERES ET DU PATRIMOINE <\/p>\n\n\n\n<p><br>(1) Plac\u00e9e sous l\u2019autorit\u00e9 d\u2019un Directeur, la Direction des Ressources Financi\u00e8res et du Patrimoine est charg\u00e9e:<br>\u2013 de la pr\u00e9paration et du suivi de l\u2019ex\u00e9cution du budget du Minist\u00e8re, en liaison avec les directions techniques;<br>\u2013 de la coordination de la gestion financi\u00e8re du Minist\u00e8re, en liaison avec les directions techniques;<br>\u2013 du suivi des subventions, dons et legs accord\u00e9s au secteur de l\u2019agriculture et du d\u00e9veloppement rural, conform\u00e9ment \u00e0 la r\u00e9glementation en vigueur;<br>\u2013 du suivi des financements ext\u00e9rieurs du secteur de l\u2019agriculture, en liaison avec la SousDirection de la Coop\u00e9ration et les administrations concern\u00e9es;<br>\u2013 du d\u00e9veloppement et de la vulgarisation des m\u00e9thodes de gestion des ressources financi\u00e8res au sein du Minist\u00e8re;<br>\u2013 de la gestion et de l\u2019entretien du patrimoine immobilier, en liaison avec le Minist\u00e8re charg\u00e9 des domaines;<br>\u2013 de l\u2019acquisition et du suivi de la gestion du mat\u00e9riel d\u2019exploitation;<br>\u2013 de l\u2019acquisition et du suivi de la gestion du mat\u00e9riel roulant;<br>\u2013 de la maintenance des \u00e9quipements, \u00e0 l\u2019exclusion du mat\u00e9riel informatique;<br>\u2013 de la pr\u00e9paration des dossiers techniques de consultation des entreprises dans les domaines des \u00e9quipements autres qu\u2019informatiques et du mat\u00e9riel roulant, en liaison avec les directions techniques concern\u00e9es;<br>\u2013 de l\u2019\u00e9laboration des indicateurs de performance sectoriels.<br>(2) Elle comprend:<br>\u2013 la Sous-Direction du Budget et du Financement;<br>\u2013 la Sous-Direction du Patrimoine;<br>\u2013 le Service des March\u00e9s.<\/p>\n","protected":false},"excerpt":{"rendered":"<p>LA DIRECTION DES RESSOURCES FINANCIERES ET DU PATRIMOINE (1) Plac\u00e9e sous l\u2019autorit\u00e9 d\u2019un Directeur, la Direction des Ressources Financi\u00e8res et du Patrimoine est charg\u00e9e:\u2013 de la pr\u00e9paration et du suivi de l\u2019ex\u00e9cution du budget du Minist\u00e8re, en liaison avec les directions techniques;\u2013 de la coordination de la gestion financi\u00e8re du Minist\u00e8re, en liaison avec les [&hellip;]<\/p>\n","protected":false},"author":1,"featured_media":0,"parent":0,"menu_order":0,"comment_status":"closed","ping_status":"closed","template":"","meta":{"footnotes":""},"class_list":["post-1493","page","type-page","status-publish","hentry"],"jetpack_sharing_enabled":true,"jetpack_likes_enabled":true,"_links":{"self":[{"href":"https:\/\/www.minader.cm\/index.php\/wp-json\/wp\/v2\/pages\/1493","targetHints":{"allow":["GET"]}}],"collection":[{"href":"https:\/\/www.minader.cm\/index.php\/wp-json\/wp\/v2\/pages"}],"about":[{"href":"https:\/\/www.minader.cm\/index.php\/wp-json\/wp\/v2\/types\/page"}],"author":[{"embeddable":true,"href":"https:\/\/www.minader.cm\/index.php\/wp-json\/wp\/v2\/users\/1"}],"replies":[{"embeddable":true,"href":"https:\/\/www.minader.cm\/index.php\/wp-json\/wp\/v2\/comments?post=1493"}],"version-history":[{"count":2,"href":"https:\/\/www.minader.cm\/index.php\/wp-json\/wp\/v2\/pages\/1493\/revisions"}],"predecessor-version":[{"id":5374,"href":"https:\/\/www.minader.cm\/index.php\/wp-json\/wp\/v2\/pages\/1493\/revisions\/5374"}],"wp:attachment":[{"href":"https:\/\/www.minader.cm\/index.php\/wp-json\/wp\/v2\/media?parent=1493"}],"curies":[{"name":"wp","href":"https:\/\/api.w.org\/{rel}","templated":true}]}}