{"id":1490,"date":"2020-01-13T10:38:13","date_gmt":"2020-01-13T10:38:13","guid":{"rendered":"http:\/\/www.minader.cm\/?page_id=1490"},"modified":"2023-06-28T17:08:02","modified_gmt":"2023-06-28T17:08:02","slug":"direction-des-ressources-humaines-drh","status":"publish","type":"page","link":"https:\/\/www.minader.cm\/index.php\/direction-des-ressources-humaines-drh\/","title":{"rendered":"Direction des Ressources Humaines (DRH)"},"content":{"rendered":"\n<figure class=\"wp-block-image size-large\"><img loading=\"lazy\" decoding=\"async\" width=\"1080\" height=\"270\" src=\"https:\/\/i2.wp.com\/www.minader.cm\/wp-content\/uploads\/2023\/06\/IMG-20230628-WA0008.jpg?fit=669%2C167&amp;ssl=1\" alt=\"\" class=\"wp-image-5356\" srcset=\"https:\/\/i0.wp.com\/www.minader.cm\/wp-content\/uploads\/2023\/06\/IMG-20230628-WA0008.jpg?w=1080&amp;ssl=1 1080w, https:\/\/i0.wp.com\/www.minader.cm\/wp-content\/uploads\/2023\/06\/IMG-20230628-WA0008.jpg?resize=300%2C75&amp;ssl=1 300w, https:\/\/i0.wp.com\/www.minader.cm\/wp-content\/uploads\/2023\/06\/IMG-20230628-WA0008.jpg?resize=1024%2C256&amp;ssl=1 1024w, https:\/\/i0.wp.com\/www.minader.cm\/wp-content\/uploads\/2023\/06\/IMG-20230628-WA0008.jpg?resize=768%2C192&amp;ssl=1 768w\" sizes=\"auto, (max-width: 669px) 100vw, 669px\" \/><\/figure>\n\n\n\n<p class=\"has-text-align-center has-black-color has-vivid-green-cyan-background-color has-text-color has-background\"> LA DIRECTION DES RESSOURCES HUMAINES <\/p>\n\n\n\n<p><br>(1) Plac\u00e9e sous l\u2019autorit\u00e9 d\u2019un Directeur, la Direction des Ressources Humaines est charg\u00e9e:<br>\u2013 du suivi de l\u2019application de la politique du Gouvernement en mati\u00e8re de formation des personnels relevant du Minist\u00e8re ;<br>\u2013 de la conception et de la mise en \u0153uvre de la politique de gestion des ressources humaines du Minist\u00e8re;<br>\u2013 de la gestion des ressources humaines du Minist\u00e8re;<br>\u2013 de la gestion pr\u00e9visionnelle des effectifs et des comp\u00e9tences;<br>\u2013 du suivi du recrutement du personnel du Minist\u00e8re, en liaison avec les services comp\u00e9tents du Minist\u00e8re charg\u00e9 de la fonction publique;<br>\u2013 de l\u2019\u00e9valuation des syst\u00e8mes de gestion des ressources humaines en vigueur;<br>\u2013 de la mise du personnel \u00e0 la disposition des services, des projets et organismes rattach\u00e9s;<br>\u2013 du suivi des questions de discipline des personnels du Minist\u00e8re;<br>\u2013 de la pr\u00e9paration des actes administratifs de gestion du personnel;<br>\u2013 de l\u2019application des textes l\u00e9gislatifs et r\u00e9glementaires relatifs aux d\u00e9penses du personnel;<br>\u2013 de la saisie et du traitement de la solde et accessoires de solde des personnels en service au Minist\u00e8re;<br>\u2013 de la formation, du recyclage et du perfectionnement du personnel, en liaison avec les services comp\u00e9tents du Minist\u00e8re charg\u00e9 de la fonction publique;<br>\u2013 des r\u00e9clamations relatives \u00e0 la solde, en liaison avec les services comp\u00e9tents du Minist\u00e8re en charge des finances;<br>\u2013 de la mise \u00e0 jour du fichier du personnel en service au Minist\u00e8re;<br>\u2013 du suivi de la maintenance de l\u2019application du Syst\u00e8me Informatique de Gestion Int\u00e9gr\u00e9e des Personnels de l\u2019Etat et de la Solde (SIGIPES), en liaison avec le Minist\u00e8re charg\u00e9 de la fonction publique;<br>\u2013 de l\u2019\u00e9laboration des indicateurs de performance sectoriels.<br>(2) Elle comprend:<br>\u2013 la Cellule de Gestion du Projet SIGIPES ;<br>\u2013 la Sous-Direction des Personnels;<br>\u2013 la Sous-Direction du D\u00e9veloppement des Ressources Humaines;<br>\u2013 la Sous-Direction de la Solde et des Pensions.<\/p>\n","protected":false},"excerpt":{"rendered":"<p>LA DIRECTION DES RESSOURCES HUMAINES (1) Plac\u00e9e sous l\u2019autorit\u00e9 d\u2019un Directeur, la Direction des Ressources Humaines est charg\u00e9e:\u2013 du suivi de l\u2019application de la politique du Gouvernement en mati\u00e8re de formation des personnels relevant du Minist\u00e8re ;\u2013 de la conception et de la mise en \u0153uvre de la politique de gestion des ressources humaines du [&hellip;]<\/p>\n","protected":false},"author":1,"featured_media":0,"parent":0,"menu_order":0,"comment_status":"closed","ping_status":"closed","template":"","meta":{"footnotes":""},"class_list":["post-1490","page","type-page","status-publish","hentry"],"jetpack_sharing_enabled":true,"jetpack_likes_enabled":true,"_links":{"self":[{"href":"https:\/\/www.minader.cm\/index.php\/wp-json\/wp\/v2\/pages\/1490","targetHints":{"allow":["GET"]}}],"collection":[{"href":"https:\/\/www.minader.cm\/index.php\/wp-json\/wp\/v2\/pages"}],"about":[{"href":"https:\/\/www.minader.cm\/index.php\/wp-json\/wp\/v2\/types\/page"}],"author":[{"embeddable":true,"href":"https:\/\/www.minader.cm\/index.php\/wp-json\/wp\/v2\/users\/1"}],"replies":[{"embeddable":true,"href":"https:\/\/www.minader.cm\/index.php\/wp-json\/wp\/v2\/comments?post=1490"}],"version-history":[{"count":2,"href":"https:\/\/www.minader.cm\/index.php\/wp-json\/wp\/v2\/pages\/1490\/revisions"}],"predecessor-version":[{"id":5375,"href":"https:\/\/www.minader.cm\/index.php\/wp-json\/wp\/v2\/pages\/1490\/revisions\/5375"}],"wp:attachment":[{"href":"https:\/\/www.minader.cm\/index.php\/wp-json\/wp\/v2\/media?parent=1490"}],"curies":[{"name":"wp","href":"https:\/\/api.w.org\/{rel}","templated":true}]}}