{"id":1484,"date":"2020-01-13T10:36:36","date_gmt":"2020-01-13T10:36:36","guid":{"rendered":"http:\/\/www.minader.cm\/?page_id=1484"},"modified":"2023-06-29T11:21:47","modified_gmt":"2023-06-29T11:21:47","slug":"direction-des-etudes-des-programmes-et-de-la-cooperation-depc","status":"publish","type":"page","link":"https:\/\/www.minader.cm\/index.php\/direction-des-etudes-des-programmes-et-de-la-cooperation-depc\/","title":{"rendered":"Direction des Etudes des Programmes et de la Coop\u00e9ration (DEPC)"},"content":{"rendered":"\n<figure class=\"wp-block-image size-large\"><img data-recalc-dims=\"1\" loading=\"lazy\" decoding=\"async\" width=\"669\" height=\"167\" src=\"https:\/\/i0.wp.com\/www.minader.cm\/wp-content\/uploads\/2023\/06\/IMG-20230628-WA0006.jpg?resize=669%2C167&#038;ssl=1\" alt=\"\" class=\"wp-image-5358\" srcset=\"https:\/\/i0.wp.com\/www.minader.cm\/wp-content\/uploads\/2023\/06\/IMG-20230628-WA0006.jpg?resize=1024%2C256&amp;ssl=1 1024w, https:\/\/i0.wp.com\/www.minader.cm\/wp-content\/uploads\/2023\/06\/IMG-20230628-WA0006.jpg?resize=300%2C75&amp;ssl=1 300w, https:\/\/i0.wp.com\/www.minader.cm\/wp-content\/uploads\/2023\/06\/IMG-20230628-WA0006.jpg?resize=768%2C192&amp;ssl=1 768w, https:\/\/i0.wp.com\/www.minader.cm\/wp-content\/uploads\/2023\/06\/IMG-20230628-WA0006.jpg?w=1080&amp;ssl=1 1080w\" sizes=\"auto, (max-width: 669px) 100vw, 669px\" \/><\/figure>\n\n\n\n<p class=\"has-text-align-center has-black-color has-vivid-green-cyan-background-color has-text-color has-background\"><strong>LA DIRECTION DES ETUDES DES PROGRAMMES ET DE LA COOPERATION&nbsp;<\/strong><\/p>\n\n\n\n<p><\/p>\n\n\n\n<p>(1) Plac\u00e9e sous l\u2019autorit\u00e9 d\u2019un Directeur, la Direction des Etudes, des Programmes et de la Coop\u00e9ration est charg\u00e9e :<br>\u2013 de la formulation de la strat\u00e9gie sectorielle de d\u00e9veloppement rural et du suivi de sa mise en \u0153uvre ;<br>\u2013 de la formulation et du suivi de la mise en \u0153uvre des politiques agricoles et du d\u00e9veloppement rural ;<br>\u2013 de l\u2019\u00e9laboration et de la mise en \u0153uvre de la politique de financement du secteur rural, en liaison avec les administrations comp\u00e9tentes ;<br>\u2013 de l\u2019\u00e9laboration, de la planification des programmes gouvernementaux dans les domaines de l\u2019agriculture et du d\u00e9veloppement rural ;<br>\u2013 de la participation \u00e0 la planification des programmes d\u2019am\u00e9lioration du cadre de vie en milieu rural, en liaison avec les administrations concern\u00e9es ;<br>\u2013 de la conception des strat\u00e9gies et des modalit\u00e9s pour garantir la s\u00e9curit\u00e9 et l\u2019autosuffisance alimentaires ainsi que du suivi de leur mise en \u0153uvre ;<br>\u2013 de la coordination de la gestion des situations de crise en mati\u00e8re agricole ;<br>\u2013 du suivi et de la protection des diff\u00e9rentes fili\u00e8res agricoles ;<br>\u2013 de l\u2019identification et de la promotion des nouvelles productions agricoles pour l\u2019exportation ;<br>\u2013 de l\u2019identification et de la pr\u00e9paration des projets et programmes d\u2019investissement du secteur agricole ;<br>\u2013 de la r\u00e9alisation des \u00e9tudes initi\u00e9es par elle ou demand\u00e9es par les autres services du Minist\u00e8re ;<br>\u2013 du suivi, de l\u2019\u00e9valuation et du contr\u00f4le de gestion des projets et programmes et organismes sous tutelle ;<br>\u2013 du cadrage macro-\u00e9conomique du secteur agricole, en liaison avec les administrations et organismes concern\u00e9s ;<br>\u2013 des relations avec les bailleurs de fonds et du suivi de la coop\u00e9ration internationale en mati\u00e8re agricole ;<br>\u2013 des analyses prospectives du secteur agricole permettant d\u2019orienter les politiques \u00e0 moyen et long terme ;<br>\u2013 du suivi de la fiscalit\u00e9 agricole, en liaison avec les administrations comp\u00e9tentes ;<br>\u2013 de la formulation des pr\u00e9visions relatives au secteur agricole ;<br>\u2013 de l\u2019organisation des stages de formation en mati\u00e8re de politique agricole, de pr\u00e9paration, d\u2019analyse et de gestion des projets, en liaison avec les administrations concern\u00e9es ;<br>\u2013 de l\u2019\u00e9laboration des indicateurs de performance sectoriels.<br>(2) Elle comprend :<br>\u2013 la Sous-Direction de la Coop\u00e9ration ;<br>\u2013 la Cellule des Analyses Prospectives et des Politiques Agricoles ;<br>\u2013 la Cellule des Projets et Programmes ;<br>\u2013 la Cellule de Promotion des Investissements, des Moyennes et Grandes Exploitations dans le Secteur Agricole<\/p>\n","protected":false},"excerpt":{"rendered":"<p>LA DIRECTION DES ETUDES DES PROGRAMMES ET DE LA COOPERATION&nbsp; (1) Plac\u00e9e sous l\u2019autorit\u00e9 d\u2019un Directeur, la Direction des Etudes, des Programmes et de la Coop\u00e9ration est charg\u00e9e :\u2013 de la formulation de la strat\u00e9gie sectorielle de d\u00e9veloppement rural et du suivi de sa mise en \u0153uvre ;\u2013 de la formulation et du suivi de [&hellip;]<\/p>\n","protected":false},"author":1,"featured_media":0,"parent":0,"menu_order":0,"comment_status":"closed","ping_status":"closed","template":"","meta":{"footnotes":""},"class_list":["post-1484","page","type-page","status-publish","hentry"],"jetpack_sharing_enabled":true,"jetpack_likes_enabled":true,"_links":{"self":[{"href":"https:\/\/www.minader.cm\/index.php\/wp-json\/wp\/v2\/pages\/1484","targetHints":{"allow":["GET"]}}],"collection":[{"href":"https:\/\/www.minader.cm\/index.php\/wp-json\/wp\/v2\/pages"}],"about":[{"href":"https:\/\/www.minader.cm\/index.php\/wp-json\/wp\/v2\/types\/page"}],"author":[{"embeddable":true,"href":"https:\/\/www.minader.cm\/index.php\/wp-json\/wp\/v2\/users\/1"}],"replies":[{"embeddable":true,"href":"https:\/\/www.minader.cm\/index.php\/wp-json\/wp\/v2\/comments?post=1484"}],"version-history":[{"count":5,"href":"https:\/\/www.minader.cm\/index.php\/wp-json\/wp\/v2\/pages\/1484\/revisions"}],"predecessor-version":[{"id":5400,"href":"https:\/\/www.minader.cm\/index.php\/wp-json\/wp\/v2\/pages\/1484\/revisions\/5400"}],"wp:attachment":[{"href":"https:\/\/www.minader.cm\/index.php\/wp-json\/wp\/v2\/media?parent=1484"}],"curies":[{"name":"wp","href":"https:\/\/api.w.org\/{rel}","templated":true}]}}