{"id":1473,"date":"2020-01-13T10:32:17","date_gmt":"2020-01-13T10:32:17","guid":{"rendered":"http:\/\/www.minader.cm\/?page_id=1473"},"modified":"2023-06-28T16:59:42","modified_gmt":"2023-06-28T16:59:42","slug":"direction-des-organisations-professionnelles-agricoles-et-de-lappui-aux-exploitations-agricoles-dopa","status":"publish","type":"page","link":"https:\/\/www.minader.cm\/index.php\/direction-des-organisations-professionnelles-agricoles-et-de-lappui-aux-exploitations-agricoles-dopa\/","title":{"rendered":"Direction des Organisations Professionnelles Agricoles et de l&rsquo;Appui aux Exploitations Agricoles (DOPA)"},"content":{"rendered":"\n<figure class=\"wp-block-image size-large\"><img loading=\"lazy\" decoding=\"async\" width=\"1080\" height=\"270\" src=\"https:\/\/i0.wp.com\/www.minader.cm\/wp-content\/uploads\/2023\/06\/IMG-20230628-WA0002.jpg?fit=669%2C167&amp;ssl=1\" alt=\"\" class=\"wp-image-5360\" srcset=\"https:\/\/i0.wp.com\/www.minader.cm\/wp-content\/uploads\/2023\/06\/IMG-20230628-WA0002.jpg?w=1080&amp;ssl=1 1080w, https:\/\/i0.wp.com\/www.minader.cm\/wp-content\/uploads\/2023\/06\/IMG-20230628-WA0002.jpg?resize=300%2C75&amp;ssl=1 300w, https:\/\/i0.wp.com\/www.minader.cm\/wp-content\/uploads\/2023\/06\/IMG-20230628-WA0002.jpg?resize=1024%2C256&amp;ssl=1 1024w, https:\/\/i0.wp.com\/www.minader.cm\/wp-content\/uploads\/2023\/06\/IMG-20230628-WA0002.jpg?resize=768%2C192&amp;ssl=1 768w\" sizes=\"auto, (max-width: 669px) 100vw, 669px\" \/><\/figure>\n\n\n\n<p class=\"has-text-align-center has-black-color has-vivid-green-cyan-background-color has-text-color has-background\">LA DIRECTION DES ORGANISATIONS PROFESSIONNELLES AGRICOLES <br>ET DE L\u2019APPUI AUX EXPLOITATIONS AGRICOLES <\/p>\n\n\n\n<p><br><br>(1) Plac\u00e9e sous l\u2019autorit\u00e9 d\u2019un Directeur, la Direction des Organisations Professionnelles Agricoles et de l\u2019Appui aux Exploitations Agricoles est charg\u00e9e :<br>\u2013 de l\u2019\u00e9laboration, de la mise en \u0153uvre et du suivi de la politique de vulgarisation, en relation avec les administrations et les organismes concern\u00e9s ;<br>\u2013 de l\u2019encadrement des paysans et de la vulgarisation agricole ;<br>\u2013 de la diffusion des conseils aupr\u00e8s des agriculteurs et exploitants agricoles ;<br>\u2013 de l\u2019\u00e9laboration du calendrier agricole ;<br>\u2013 de la mise en coh\u00e9rence de l\u2019ensemble des actions de vulgarisation agricole ;<br>\u2013 de l\u2019\u00e9laboration du programme d\u2019activit\u00e9s des services de vulgarisation agricole ;<br>\u2013 de la d\u00e9termination des m\u00e9thodes de diffusion des th\u00e8mes de vulgarisation agricole ;<br>\u2013 du suivi de l\u2019application de la politique gouvernementale en mati\u00e8re d\u2019appui aux exploitants agricoles ;<br>\u2013 de l\u2019appui aux moyennes et grandes exploitations agricoles, en liaison avec les administrations concern\u00e9es ;<br>\u2013 de l\u2019\u00e9laboration et de la mise en \u0153uvre du cadre de r\u00e9f\u00e9rence de la promotion des exploitations agricoles ;<br>\u2013 de l\u2019\u00e9laboration et de la r\u00e9alisation des programmes de d\u00e9veloppement des cultures ;<br>\u2013 de l\u2019appui aux projets de m\u00e9canisation des exploitations agricoles ;<br>\u2013 de la gestion des relations recherche-vulgarisation agricoles ;<br>\u2013 du suivi des organisations priv\u00e9es des moyennes et grandes exploitations agricoles ;<br>\u2013 de la promotion de l\u2019\u00e9mergence et du d\u00e9veloppement des organisations de base ;<br>\u2013 de la mise en place et de l\u2019actualisation r\u00e9guli\u00e8re de la base de donn\u00e9es sur les organisations professionnelles ;<br>\u2013 de la production r\u00e9guli\u00e8re de l\u2019information sur les organisations professionnelles ;<br>\u2013 de l\u2019analyse de l\u2019\u00e9volution des organisations professionnelles et des propositions de mesures pour les renforcer ;<br>\u2013 de l\u2019\u00e9laboration et du suivi de la mise en \u0153uvre des programmes de m\u00e9canisation agricole ;<br>\u2013 de la promotion de l\u2019utilisation des mat\u00e9riels et \u00e9quipements agricoles ;<br>\u2013 de la d\u00e9finition des normes d\u2019homologation et d\u2019utilisation des machines agricoles, en liaison avec les administrations concern\u00e9es; \u2013 du contr\u00f4le et du suivi de la bonne application de ces normes ;<br>\u2013 de l\u2019\u00e9laboration et du suivi de la mise en \u0153uvre de la politique d\u2019une cha\u00eene de froid pour la conservation des denr\u00e9es agricoles et alimentaires ;<br>\u2013 de la promotion des techniques et des \u00e9quipements de conservation et de transformation des produits agricoles et alimentaires, en liaison avec les services concern\u00e9s ;<br>\u2013 de l\u2019instruction des dossiers d\u2019homologation des machines agricoles ;<br>\u2013 de la promotion et du suivi des organisations professionnelles agricoles et coop\u00e9ratives ;<br>\u2013 du d\u00e9veloppement des cadres de concertation entre les organisations professionnelles et les partenaires du d\u00e9veloppement ;<br>\u2013 de la promotion de l\u2019organisation des producteurs \u00e0 la base ;<br>\u2013 de la gestion des relations contractuelles avec les partenaires priv\u00e9s ;<br>\u2013 de la facilitation de mise en relation d\u2019affaires entre les associations de producteurs et les prestataires de service.<br>(2) Elle comprend :<br>\u2013 la Sous-Direction de la Vulgarisation Agricole ;<br>\u2013 la Sous-Direction d\u2019Appui aux Moyennes et Grandes Exploitations Agricoles ;<br>\u2013 la Sous-Direction des Organisations Professionnelles Agricoles et de l\u2019Action Coop\u00e9rative ;<br>\u2013 la Sous-Direction de la M\u00e9canisation Agricole<\/p>\n","protected":false},"excerpt":{"rendered":"<p>LA DIRECTION DES ORGANISATIONS PROFESSIONNELLES AGRICOLES ET DE L\u2019APPUI AUX EXPLOITATIONS AGRICOLES (1) Plac\u00e9e sous l\u2019autorit\u00e9 d\u2019un Directeur, la Direction des Organisations Professionnelles Agricoles et de l\u2019Appui aux Exploitations Agricoles est charg\u00e9e :\u2013 de l\u2019\u00e9laboration, de la mise en \u0153uvre et du suivi de la politique de vulgarisation, en relation avec les administrations et les [&hellip;]<\/p>\n","protected":false},"author":1,"featured_media":0,"parent":0,"menu_order":0,"comment_status":"closed","ping_status":"closed","template":"","meta":{"footnotes":""},"class_list":["post-1473","page","type-page","status-publish","hentry"],"jetpack_sharing_enabled":true,"jetpack_likes_enabled":true,"_links":{"self":[{"href":"https:\/\/www.minader.cm\/index.php\/wp-json\/wp\/v2\/pages\/1473","targetHints":{"allow":["GET"]}}],"collection":[{"href":"https:\/\/www.minader.cm\/index.php\/wp-json\/wp\/v2\/pages"}],"about":[{"href":"https:\/\/www.minader.cm\/index.php\/wp-json\/wp\/v2\/types\/page"}],"author":[{"embeddable":true,"href":"https:\/\/www.minader.cm\/index.php\/wp-json\/wp\/v2\/users\/1"}],"replies":[{"embeddable":true,"href":"https:\/\/www.minader.cm\/index.php\/wp-json\/wp\/v2\/comments?post=1473"}],"version-history":[{"count":3,"href":"https:\/\/www.minader.cm\/index.php\/wp-json\/wp\/v2\/pages\/1473\/revisions"}],"predecessor-version":[{"id":5373,"href":"https:\/\/www.minader.cm\/index.php\/wp-json\/wp\/v2\/pages\/1473\/revisions\/5373"}],"wp:attachment":[{"href":"https:\/\/www.minader.cm\/index.php\/wp-json\/wp\/v2\/media?parent=1473"}],"curies":[{"name":"wp","href":"https:\/\/api.w.org\/{rel}","templated":true}]}}