{"id":1470,"date":"2020-01-13T10:27:09","date_gmt":"2020-01-13T10:27:09","guid":{"rendered":"http:\/\/www.minader.cm\/?page_id=1470"},"modified":"2023-06-28T17:11:36","modified_gmt":"2023-06-28T17:11:36","slug":"direction-du-developpement-de-lagriculture-dda","status":"publish","type":"page","link":"https:\/\/www.minader.cm\/index.php\/direction-du-developpement-de-lagriculture-dda\/","title":{"rendered":"Direction du D\u00e9veloppement de l&rsquo;Agriculture (DDA)"},"content":{"rendered":"\n<figure class=\"wp-block-image size-large\"><img loading=\"lazy\" decoding=\"async\" width=\"1080\" height=\"270\" src=\"https:\/\/i2.wp.com\/www.minader.cm\/wp-content\/uploads\/2023\/06\/IMG-20230628-WA0000.jpg?fit=669%2C167&amp;ssl=1\" alt=\"\" class=\"wp-image-5364\" srcset=\"https:\/\/i0.wp.com\/www.minader.cm\/wp-content\/uploads\/2023\/06\/IMG-20230628-WA0000.jpg?w=1080&amp;ssl=1 1080w, https:\/\/i0.wp.com\/www.minader.cm\/wp-content\/uploads\/2023\/06\/IMG-20230628-WA0000.jpg?resize=300%2C75&amp;ssl=1 300w, https:\/\/i0.wp.com\/www.minader.cm\/wp-content\/uploads\/2023\/06\/IMG-20230628-WA0000.jpg?resize=1024%2C256&amp;ssl=1 1024w, https:\/\/i0.wp.com\/www.minader.cm\/wp-content\/uploads\/2023\/06\/IMG-20230628-WA0000.jpg?resize=768%2C192&amp;ssl=1 768w\" sizes=\"auto, (max-width: 669px) 100vw, 669px\" \/><\/figure>\n\n\n\n<p class=\"has-text-align-center has-black-color has-vivid-green-cyan-background-color has-text-color has-background\">LA DIRECTION DU DEVELOPPEMENT DE L\u2019AGRICULTURE <\/p>\n\n\n\n<p><br>(1) Plac\u00e9e sous l\u2019autorit\u00e9 d\u2019un Directeur, la Direction du D\u00e9veloppement de l\u2019Agriculture est charg\u00e9e:<br>\u2013 de l\u2019\u00e9laboration et de la mise en \u0153uvre des politiques de d\u00e9veloppement du secteur semencier ;<br>\u2013 de l\u2019\u00e9laboration et du suivi des programmes et projets de promotion de production et d\u2019utilisation des semences et plants;<br>\u2013 de l\u2019\u00e9laboration et du suivi de la mise en \u0153uvre des syst\u00e8mes d\u2019alerte et d\u2019avertissement phytosanitaire;<br>\u2013 de l\u2019appui aux agriculteurs et \u00e0 leurs groupements dans la lutte phytosanitaire, notamment par la promotion de brigades villageoises;<br>\u2013 de la gestion des aides d\u2019urgence en semences aupr\u00e8s des agriculteurs, en cas de calamit\u00e9s;<br>\u2013 de l\u2019\u00e9laboration et de la mise en \u0153uvre de la politique du sous-secteur des engrais;<br>\u2013 de la formulation des recommandations sur l\u2019utilisation des engrais ;<br>\u2013 de la promotion de l\u2019utilisation des engrais min\u00e9raux par les agriculteurs;<br>\u2013 de la promotion de la fabrication et de l\u2019utilisation des engrais biologiques et organiques par !es agriculteurs;<br>\u2013 du suivi du march\u00e9 des engrais;<br>\u2013 du suivi des projets et programmes d\u2019appui au d\u00e9veloppement du sous-secteur engrais;<br>\u2013 de l\u2019appui aux op\u00e9rateurs de la fili\u00e8re engrais;<br>\u2013 de l\u2019\u00e9laboration de la carte de vocation des sols;<br>\u2013 de la mise en \u0153uvre de la politique de conservation des sols.<br>(2) Elle comprend:<br>\u2013 la Sous-Direction des Semences et Plants;<br>\u2013 la Sous-Direction des Interventions Phytosanitaires;<br>\u2013 la Sous-Direction des Engrais et des Sols.<\/p>\n","protected":false},"excerpt":{"rendered":"<p>LA DIRECTION DU DEVELOPPEMENT DE L\u2019AGRICULTURE (1) Plac\u00e9e sous l\u2019autorit\u00e9 d\u2019un Directeur, la Direction du D\u00e9veloppement de l\u2019Agriculture est charg\u00e9e:\u2013 de l\u2019\u00e9laboration et de la mise en \u0153uvre des politiques de d\u00e9veloppement du secteur semencier ;\u2013 de l\u2019\u00e9laboration et du suivi des programmes et projets de promotion de production et d\u2019utilisation des semences et plants;\u2013 [&hellip;]<\/p>\n","protected":false},"author":1,"featured_media":0,"parent":0,"menu_order":0,"comment_status":"closed","ping_status":"closed","template":"","meta":{"footnotes":""},"class_list":["post-1470","page","type-page","status-publish","hentry"],"jetpack_sharing_enabled":true,"jetpack_likes_enabled":true,"_links":{"self":[{"href":"https:\/\/www.minader.cm\/index.php\/wp-json\/wp\/v2\/pages\/1470","targetHints":{"allow":["GET"]}}],"collection":[{"href":"https:\/\/www.minader.cm\/index.php\/wp-json\/wp\/v2\/pages"}],"about":[{"href":"https:\/\/www.minader.cm\/index.php\/wp-json\/wp\/v2\/types\/page"}],"author":[{"embeddable":true,"href":"https:\/\/www.minader.cm\/index.php\/wp-json\/wp\/v2\/users\/1"}],"replies":[{"embeddable":true,"href":"https:\/\/www.minader.cm\/index.php\/wp-json\/wp\/v2\/comments?post=1470"}],"version-history":[{"count":2,"href":"https:\/\/www.minader.cm\/index.php\/wp-json\/wp\/v2\/pages\/1470\/revisions"}],"predecessor-version":[{"id":5376,"href":"https:\/\/www.minader.cm\/index.php\/wp-json\/wp\/v2\/pages\/1470\/revisions\/5376"}],"wp:attachment":[{"href":"https:\/\/www.minader.cm\/index.php\/wp-json\/wp\/v2\/media?parent=1470"}],"curies":[{"name":"wp","href":"https:\/\/api.w.org\/{rel}","templated":true}]}}