{"id":1461,"date":"2020-01-13T10:17:59","date_gmt":"2020-01-13T10:17:59","guid":{"rendered":"http:\/\/www.minader.cm\/?page_id=1461"},"modified":"2021-03-02T11:09:23","modified_gmt":"2021-03-02T11:09:23","slug":"delegation-regionale-du-sud","status":"publish","type":"page","link":"https:\/\/www.minader.cm\/index.php\/delegation-regionale-du-sud\/","title":{"rendered":"D\u00e9l\u00e9gation R\u00e9gionale du Sud"},"content":{"rendered":"\n<h1 class=\"wp-block-heading\">&nbsp;<\/h1>\n\n\n\n<h1 class=\"wp-block-heading\"><a href=\"https:\/\/i0.wp.com\/www.minader.cm\/wp-content\/uploads\/2020\/01\/29497781_717941981929834_7112324232809283584_o.jpg\"><img data-recalc-dims=\"1\" loading=\"lazy\" decoding=\"async\" class=\"aligncenter wp-image-1943\" src=\"https:\/\/i0.wp.com\/www.minader.cm\/wp-content\/uploads\/2020\/01\/29497781_717941981929834_7112324232809283584_o.jpg?resize=669%2C672\" alt=\"\" width=\"669\" height=\"672\" srcset=\"https:\/\/i0.wp.com\/www.minader.cm\/wp-content\/uploads\/2020\/01\/29497781_717941981929834_7112324232809283584_o.jpg?w=956&amp;ssl=1 956w, https:\/\/i0.wp.com\/www.minader.cm\/wp-content\/uploads\/2020\/01\/29497781_717941981929834_7112324232809283584_o.jpg?resize=150%2C150&amp;ssl=1 150w, https:\/\/i0.wp.com\/www.minader.cm\/wp-content\/uploads\/2020\/01\/29497781_717941981929834_7112324232809283584_o.jpg?resize=300%2C300&amp;ssl=1 300w, https:\/\/i0.wp.com\/www.minader.cm\/wp-content\/uploads\/2020\/01\/29497781_717941981929834_7112324232809283584_o.jpg?resize=768%2C771&amp;ssl=1 768w, https:\/\/i0.wp.com\/www.minader.cm\/wp-content\/uploads\/2020\/01\/29497781_717941981929834_7112324232809283584_o.jpg?resize=600%2C603&amp;ssl=1 600w, https:\/\/i0.wp.com\/www.minader.cm\/wp-content\/uploads\/2020\/01\/29497781_717941981929834_7112324232809283584_o.jpg?resize=66%2C66&amp;ssl=1 66w\" sizes=\"auto, (max-width: 669px) 100vw, 669px\" \/><\/a><\/h1>\n\n\n\n<h2 class=\"entry-title wp-block-heading\"><strong>CEREMONIE DE SIGNATURE DE L\u2019ACCORD \u2013 CADRE DE PARTENARIAT<\/strong><\/h2>\n\n\n\n<div class=\"wp-block-group\"><div class=\"wp-block-group__inner-container is-layout-flow wp-block-group-is-layout-flow\">\n<div class=\"wp-block-columns is-layout-flex wp-container-core-columns-is-layout-9d6595d7 wp-block-columns-is-layout-flex\">\n<div class=\"wp-block-column is-layout-flow wp-block-column-is-layout-flow\" style=\"flex-basis:100%\">\n<div class=\"post-content\">\n<p><span class=\"has-inline-color\">ENTRE&nbsp;<strong>LE COLLEGE REGIONAL D\u2019AGRICULTURE D\u2019EBOLOWA<\/strong>&nbsp;ET&nbsp;<strong>L\u2019INSTITUT UNIVERSITAIRE DE TECHNOLOGIE DE L\u2019UNIVERSITE DE NGAOUNDERE<\/strong><\/span><\/p>\n<p>L\u2019EPL Nantes Atlantique et le Coll\u00e8ge R\u00e9gional d\u2019Agriculture (CRA) d\u2019Ebolowa ont sign\u00e9 une convention de jumelage en 2015 qui a permis de mettre en place un atelier de transformation du cacao \u00e0 Ebolowa.<\/p>\n<p>Pour mieux exploiter, d\u00e9velopper et valoriser cette infrastructure, le CRA avait besoin de partenaires techniques dont les exp\u00e9riences sont av\u00e9r\u00e9es en mati\u00e8re de techniques et de technologies agro-alimentaires. C\u2019est ainsi qu\u2019il s\u2019est rapproch\u00e9 de la Coop\u00e9ration Allemande (GIZ\/PROCISA) \u2013 en collaboration avec la SNV \u2013 qui a dot\u00e9 l\u2019\u00e9tablissement d\u2019une unit\u00e9 de fermentation et d\u2019une unit\u00e9 de s\u00e9chage solaire du cacao\u2026<\/p>\n<\/div>\n<\/div>\n<\/div>\n\n\n\n<div class=\"wp-block-file\"><a href=\"http:\/\/www.minader.cm\/923b4f2a-53ad-457c-a2df-a7c08bd6506c\" target=\"_blank\" rel=\"noreferrer noopener\">Lire la suite &#8230;<\/a><\/div>\n\n\n\n<figure class=\"wp-block-image size-large\"><img data-recalc-dims=\"1\" loading=\"lazy\" decoding=\"async\" width=\"669\" height=\"502\" src=\"https:\/\/i0.wp.com\/www.minader.cm\/wp-content\/uploads\/2021\/03\/Image4.png?resize=669%2C502\" alt=\"\" class=\"wp-image-2644\" srcset=\"https:\/\/i0.wp.com\/www.minader.cm\/wp-content\/uploads\/2021\/03\/Image4.png?w=803&amp;ssl=1 803w, https:\/\/i0.wp.com\/www.minader.cm\/wp-content\/uploads\/2021\/03\/Image4.png?resize=300%2C225&amp;ssl=1 300w, https:\/\/i0.wp.com\/www.minader.cm\/wp-content\/uploads\/2021\/03\/Image4.png?resize=768%2C576&amp;ssl=1 768w, https:\/\/i0.wp.com\/www.minader.cm\/wp-content\/uploads\/2021\/03\/Image4.png?resize=600%2C450&amp;ssl=1 600w\" sizes=\"auto, (max-width: 669px) 100vw, 669px\" \/><\/figure>\n<\/div><\/div>\n\n\n\n<h1 class=\"wp-block-heading\">\u00a0<\/h1>\n\n\n\n<p><\/p>\n\n\n\n<p><\/p>\n\n\n\n<p><\/p>\n\n\n\n<h2 class=\"wp-block-heading\"><span style=\"color: #0000ff;\">Le Mini comice agro-pastoral R\u00e9gional du SUD, \u00e9dition 2020 se tiendra les 17, 18 et 19 d\u00e9cembre 2020 \u00e0 Ebolowa.<\/span><\/h2>\n\n\n\n<p>Vous \u00eates un projet\/programme, un groupe de producteurs ou tout autre acteur du secteur agro-pastoral et souhaitez y participer, veuillez vous rapprocher les services d\u00e9concentr\u00e9s du MINADER au Sud (les d\u00e9l\u00e9gations d&rsquo;Arrondissement, D\u00e9partementales et la R\u00e9gionale) pour toute informations.<\/p>\n\n\n\n<h2 class=\"wp-block-heading\"><span style=\"color: #008000;\">LANCEMENT DE LA CAMPAGNE AGRO-PASTORALE DU SUD<\/span><\/h2>\n\n\n\n<div class=\"wp-block-image\"><figure class=\"aligncenter\"><a href=\"https:\/\/i0.wp.com\/www.minader.cm\/wp-content\/uploads\/2020\/01\/IMG-20201120-WA0000.jpg\"><img data-recalc-dims=\"1\" loading=\"lazy\" decoding=\"async\" width=\"669\" height=\"301\" src=\"https:\/\/i0.wp.com\/www.minader.cm\/wp-content\/uploads\/2020\/01\/IMG-20201120-WA0000.jpg?resize=669%2C301\" alt=\"\" class=\"wp-image-2004\" srcset=\"https:\/\/i0.wp.com\/www.minader.cm\/wp-content\/uploads\/2020\/01\/IMG-20201120-WA0000.jpg?w=720&amp;ssl=1 720w, https:\/\/i0.wp.com\/www.minader.cm\/wp-content\/uploads\/2020\/01\/IMG-20201120-WA0000.jpg?resize=300%2C135&amp;ssl=1 300w, https:\/\/i0.wp.com\/www.minader.cm\/wp-content\/uploads\/2020\/01\/IMG-20201120-WA0000.jpg?resize=600%2C270&amp;ssl=1 600w\" sizes=\"auto, (max-width: 669px) 100vw, 669px\" \/><\/a><\/figure><\/div>\n\n\n\n<div class=\"wp-block-image\"><figure class=\"aligncenter\"><a href=\"https:\/\/i0.wp.com\/www.minader.cm\/wp-content\/uploads\/2020\/01\/IMG-20201120-WA0001.jpg\"><img data-recalc-dims=\"1\" loading=\"lazy\" decoding=\"async\" width=\"669\" height=\"834\" src=\"https:\/\/i0.wp.com\/www.minader.cm\/wp-content\/uploads\/2020\/01\/IMG-20201120-WA0001.jpg?resize=669%2C834\" alt=\"\" class=\"wp-image-2005\" srcset=\"https:\/\/i0.wp.com\/www.minader.cm\/wp-content\/uploads\/2020\/01\/IMG-20201120-WA0001.jpg?w=720&amp;ssl=1 720w, https:\/\/i0.wp.com\/www.minader.cm\/wp-content\/uploads\/2020\/01\/IMG-20201120-WA0001.jpg?resize=241%2C300&amp;ssl=1 241w, https:\/\/i0.wp.com\/www.minader.cm\/wp-content\/uploads\/2020\/01\/IMG-20201120-WA0001.jpg?resize=600%2C748&amp;ssl=1 600w\" sizes=\"auto, (max-width: 669px) 100vw, 669px\" \/><\/a><\/figure><\/div>\n\n\n\n<div dir=\"auto\" style=\"text-align: justify;\">R\u00e9union pr\u00e9paratoire de l&rsquo;\u00e9dition 2020 du Mini-COMICE Agropastoral dans la R\u00e9gion du Sud \u00e0 Ebolowa ce 18 novembre 2020 \u00e0 la salle de f\u00eates du CRA d&rsquo;Ebolowa, sous la mod\u00e9ration du DRADER Sud; en pr\u00e9sence du SG de la R\u00e9gion du Sud (Repr\u00e9sentant du Gouverneur) et des diff\u00e9rentes parties prenantes.<\/div>\n\n\n\n<div dir=\"auto\" style=\"text-align: justify;\">&nbsp;<\/div>\n\n\n\n<div dir=\"auto\">&nbsp;<\/div>\n\n\n\n<div dir=\"auto\" style=\"text-align: justify;\">Chers producteurs, artisans, ou tout autres acteurs et intervenants de la cha\u00eene agro-pastorale, veuillez vous rapprocher des chefs de postes agricoles et ou D\u00e9l\u00e9gu\u00e9s d&rsquo;Arrondissement de l&rsquo;Agriculture de vos localit\u00e9s respectives pour \u00eatres enregistr\u00e9s.<\/div>\n\n\n\n<div dir=\"auto\" style=\"text-align: justify;\">&nbsp;<\/div>\n\n\n\n<div dir=\"auto\" style=\"text-align: justify;\">Peu importe la sp\u00e9culation pr\u00e9sent\u00e9e, vous avez des chances de gagner des lots et autres&nbsp; prix ,alors n&rsquo;h\u00e9sitez pas \u00e0 vous faire enregistrer.<\/div>\n\n\n\n<div dir=\"auto\">&nbsp;<\/div>\n\n\n\n<div dir=\"auto\">&nbsp;<\/div>\n\n\n\n<div dir=\"auto\">Il est \u00e9galement possible de disposer d&rsquo;un stand de pr\u00e9sentation GRATUITEMENT. Vous \u00eates pri\u00e9s de vous rapprocher des structures subsidiaires de la DRADER Sud.<\/div>\n\n\n\n<div class=\"wp-block-image\"><figure class=\"alignleft\"><a href=\"https:\/\/www.facebook.com\/D%C3%A9l%C3%A9gation-de-lAgriculture-et-du-D%C3%A9veloppement-Rural-Sud-DRADERSud-717929101931122\/\"><img data-recalc-dims=\"1\" loading=\"lazy\" decoding=\"async\" width=\"669\" height=\"669\" src=\"https:\/\/i0.wp.com\/www.minader.cm\/wp-content\/uploads\/2020\/01\/raw.jpg?resize=669%2C669\" alt=\"\" class=\"wp-image-1968\" srcset=\"https:\/\/i0.wp.com\/www.minader.cm\/wp-content\/uploads\/2020\/01\/raw.jpg?w=900&amp;ssl=1 900w, https:\/\/i0.wp.com\/www.minader.cm\/wp-content\/uploads\/2020\/01\/raw.jpg?resize=150%2C150&amp;ssl=1 150w, https:\/\/i0.wp.com\/www.minader.cm\/wp-content\/uploads\/2020\/01\/raw.jpg?resize=300%2C300&amp;ssl=1 300w, https:\/\/i0.wp.com\/www.minader.cm\/wp-content\/uploads\/2020\/01\/raw.jpg?resize=768%2C768&amp;ssl=1 768w, https:\/\/i0.wp.com\/www.minader.cm\/wp-content\/uploads\/2020\/01\/raw.jpg?resize=600%2C600&amp;ssl=1 600w, https:\/\/i0.wp.com\/www.minader.cm\/wp-content\/uploads\/2020\/01\/raw.jpg?resize=66%2C66&amp;ssl=1 66w\" sizes=\"auto, (max-width: 669px) 100vw, 669px\" \/><\/a><\/figure><\/div>\n\n\n\n<div class=\"wp-block-image\"><figure class=\"alignleft\"><a href=\"https:\/\/i0.wp.com\/www.minader.cm\/wp-content\/uploads\/2020\/01\/ic%C3%B4ne-de-ligne-directe-t%C3%A9l%C3%A9phone-en-cercle-128428651.jpg\"><img data-recalc-dims=\"1\" loading=\"lazy\" decoding=\"async\" width=\"669\" height=\"669\" src=\"https:\/\/i0.wp.com\/www.minader.cm\/wp-content\/uploads\/2020\/01\/ic%C3%B4ne-de-ligne-directe-t%C3%A9l%C3%A9phone-en-cercle-128428651.jpg?resize=669%2C669\" alt=\"\" class=\"wp-image-1969\" srcset=\"https:\/\/i0.wp.com\/www.minader.cm\/wp-content\/uploads\/2020\/01\/ic%C3%B4ne-de-ligne-directe-t%C3%A9l%C3%A9phone-en-cercle-128428651.jpg?w=800&amp;ssl=1 800w, https:\/\/i0.wp.com\/www.minader.cm\/wp-content\/uploads\/2020\/01\/ic%C3%B4ne-de-ligne-directe-t%C3%A9l%C3%A9phone-en-cercle-128428651.jpg?resize=150%2C150&amp;ssl=1 150w, https:\/\/i0.wp.com\/www.minader.cm\/wp-content\/uploads\/2020\/01\/ic%C3%B4ne-de-ligne-directe-t%C3%A9l%C3%A9phone-en-cercle-128428651.jpg?resize=300%2C300&amp;ssl=1 300w, https:\/\/i0.wp.com\/www.minader.cm\/wp-content\/uploads\/2020\/01\/ic%C3%B4ne-de-ligne-directe-t%C3%A9l%C3%A9phone-en-cercle-128428651.jpg?resize=768%2C768&amp;ssl=1 768w, https:\/\/i0.wp.com\/www.minader.cm\/wp-content\/uploads\/2020\/01\/ic%C3%B4ne-de-ligne-directe-t%C3%A9l%C3%A9phone-en-cercle-128428651.jpg?resize=600%2C600&amp;ssl=1 600w, https:\/\/i0.wp.com\/www.minader.cm\/wp-content\/uploads\/2020\/01\/ic%C3%B4ne-de-ligne-directe-t%C3%A9l%C3%A9phone-en-cercle-128428651.jpg?resize=66%2C66&amp;ssl=1 66w\" sizes=\"auto, (max-width: 669px) 100vw, 669px\" \/><\/a><\/figure><\/div>\n\n\n\n<h3 class=\"wp-block-heading\">2 22 28 35 33<\/h3>\n\n\n\n<div class=\"wp-block-file\"><a href=\"http:\/\/www.minader.cm\/wp-content\/uploads\/2021\/03\/Rapport_Signature_Convention_CRA_Ebolowa_IUT_Ngaoundere_-2021.pdf\" target=\"_blank\" rel=\"noreferrer noopener\">Rapport_Signature_Convention_CRA_Ebolowa_IUT_Ngaoundere_-2021<\/a><\/div>\n","protected":false},"excerpt":{"rendered":"<p>&nbsp; CEREMONIE DE SIGNATURE DE L\u2019ACCORD \u2013 CADRE DE PARTENARIAT ENTRE&nbsp;LE COLLEGE REGIONAL D\u2019AGRICULTURE D\u2019EBOLOWA&nbsp;ET&nbsp;L\u2019INSTITUT UNIVERSITAIRE DE TECHNOLOGIE DE L\u2019UNIVERSITE DE NGAOUNDERE L\u2019EPL Nantes Atlantique et le Coll\u00e8ge R\u00e9gional d\u2019Agriculture (CRA) d\u2019Ebolowa ont sign\u00e9 une convention de jumelage en 2015 qui a permis de mettre en place un atelier de transformation du cacao \u00e0 Ebolowa. [&hellip;]<\/p>\n","protected":false},"author":1,"featured_media":0,"parent":0,"menu_order":0,"comment_status":"closed","ping_status":"closed","template":"","meta":{"footnotes":""},"class_list":["post-1461","page","type-page","status-publish","hentry"],"jetpack_sharing_enabled":true,"jetpack_likes_enabled":true,"_links":{"self":[{"href":"https:\/\/www.minader.cm\/index.php\/wp-json\/wp\/v2\/pages\/1461","targetHints":{"allow":["GET"]}}],"collection":[{"href":"https:\/\/www.minader.cm\/index.php\/wp-json\/wp\/v2\/pages"}],"about":[{"href":"https:\/\/www.minader.cm\/index.php\/wp-json\/wp\/v2\/types\/page"}],"author":[{"embeddable":true,"href":"https:\/\/www.minader.cm\/index.php\/wp-json\/wp\/v2\/users\/1"}],"replies":[{"embeddable":true,"href":"https:\/\/www.minader.cm\/index.php\/wp-json\/wp\/v2\/comments?post=1461"}],"version-history":[{"count":9,"href":"https:\/\/www.minader.cm\/index.php\/wp-json\/wp\/v2\/pages\/1461\/revisions"}],"predecessor-version":[{"id":2648,"href":"https:\/\/www.minader.cm\/index.php\/wp-json\/wp\/v2\/pages\/1461\/revisions\/2648"}],"wp:attachment":[{"href":"https:\/\/www.minader.cm\/index.php\/wp-json\/wp\/v2\/media?parent=1461"}],"curies":[{"name":"wp","href":"https:\/\/api.w.org\/{rel}","templated":true}]}}