{"id":1458,"date":"2020-01-13T10:17:29","date_gmt":"2020-01-13T10:17:29","guid":{"rendered":"http:\/\/www.minader.cm\/?page_id=1458"},"modified":"2025-12-12T13:16:57","modified_gmt":"2025-12-12T13:16:57","slug":"delegation-regionale-de-louest","status":"publish","type":"page","link":"https:\/\/www.minader.cm\/index.php\/delegation-regionale-de-louest\/","title":{"rendered":"D\u00e9l\u00e9gation R\u00e9gionale de l&rsquo;Ouest"},"content":{"rendered":"\n<figure class=\"wp-block-image size-large\"><img data-recalc-dims=\"1\" loading=\"lazy\" decoding=\"async\" width=\"669\" height=\"932\" src=\"https:\/\/i0.wp.com\/www.minader.cm\/wp-content\/uploads\/2025\/12\/Screenshot_20251212-142215.png?resize=669%2C932&#038;ssl=1\" alt=\"\" class=\"wp-image-7085\" srcset=\"https:\/\/i0.wp.com\/www.minader.cm\/wp-content\/uploads\/2025\/12\/Screenshot_20251212-142215.png?resize=735%2C1024&amp;ssl=1 735w, https:\/\/i0.wp.com\/www.minader.cm\/wp-content\/uploads\/2025\/12\/Screenshot_20251212-142215.png?resize=215%2C300&amp;ssl=1 215w, https:\/\/i0.wp.com\/www.minader.cm\/wp-content\/uploads\/2025\/12\/Screenshot_20251212-142215.png?resize=768%2C1070&amp;ssl=1 768w, https:\/\/i0.wp.com\/www.minader.cm\/wp-content\/uploads\/2025\/12\/Screenshot_20251212-142215.png?resize=1102%2C1536&amp;ssl=1 1102w, https:\/\/i0.wp.com\/www.minader.cm\/wp-content\/uploads\/2025\/12\/Screenshot_20251212-142215.png?w=1200&amp;ssl=1 1200w\" sizes=\"auto, (max-width: 669px) 100vw, 669px\" \/><\/figure>\n\n\n\n<figure class=\"wp-block-image size-large\"><img data-recalc-dims=\"1\" loading=\"lazy\" decoding=\"async\" width=\"620\" height=\"877\" src=\"https:\/\/i0.wp.com\/www.minader.cm\/wp-content\/uploads\/2022\/12\/IMG-20221216-WA0001.jpg?resize=620%2C877&#038;ssl=1\" alt=\"\" class=\"wp-image-4739\" srcset=\"https:\/\/i0.wp.com\/www.minader.cm\/wp-content\/uploads\/2022\/12\/IMG-20221216-WA0001.jpg?w=620&amp;ssl=1 620w, https:\/\/i0.wp.com\/www.minader.cm\/wp-content\/uploads\/2022\/12\/IMG-20221216-WA0001.jpg?resize=212%2C300&amp;ssl=1 212w\" sizes=\"auto, (max-width: 620px) 100vw, 620px\" \/><\/figure>\n\n\n\n<figure class=\"wp-block-image size-large\"><img loading=\"lazy\" decoding=\"async\" width=\"1080\" height=\"142\" src=\"https:\/\/i1.wp.com\/www.minader.cm\/wp-content\/uploads\/2021\/02\/IMG-20201211-WA0001.jpg?fit=669%2C88&amp;ssl=1\" alt=\"\" class=\"wp-image-2615\" srcset=\"https:\/\/i0.wp.com\/www.minader.cm\/wp-content\/uploads\/2021\/02\/IMG-20201211-WA0001.jpg?w=1080&amp;ssl=1 1080w, https:\/\/i0.wp.com\/www.minader.cm\/wp-content\/uploads\/2021\/02\/IMG-20201211-WA0001.jpg?resize=300%2C39&amp;ssl=1 300w, https:\/\/i0.wp.com\/www.minader.cm\/wp-content\/uploads\/2021\/02\/IMG-20201211-WA0001.jpg?resize=1024%2C135&amp;ssl=1 1024w, https:\/\/i0.wp.com\/www.minader.cm\/wp-content\/uploads\/2021\/02\/IMG-20201211-WA0001.jpg?resize=768%2C101&amp;ssl=1 768w, https:\/\/i0.wp.com\/www.minader.cm\/wp-content\/uploads\/2021\/02\/IMG-20201211-WA0001.jpg?resize=600%2C79&amp;ssl=1 600w\" sizes=\"auto, (max-width: 669px) 100vw, 669px\" \/><\/figure>\n\n\n\n<p><br><br>COMICE AGRO SYLVO PASTORAL DE L\u2019OUEST<br>Les 21 et 22 D\u00e9cembre 2020<br><br><br>PROGRAMME OFFICIEL DES JOURNEES DU 21 et  22 DECEMBRE 2020<br><br>JOURNEE DU Lundi 21 DECEMBRE 2020<br> Horaires Activit\u00e9s<br>7 h 00 mn&nbsp;:  Arriv\u00e9e et installation des produits de comp\u00e9tition et des produits de la Foire dans les stands appropri\u00e9s&nbsp;;<br>8h 30 mn&nbsp;: D\u00e9but de la vente des produits de la Foire&nbsp;;<br>10 h 00 mn&nbsp;:  Fin des diverses installations et fermeture du village du comice \u00e0 l\u2019entr\u00e9e des produits&nbsp;;<br>11 h 00 mn&nbsp;:  Lib\u00e9ration des stands de comp\u00e9tition par les exposants&nbsp;;<br>11 h 30 mn \u2013 14 h 30 mn&nbsp;: Notation des produits par les membres du jury&nbsp;;<br>15 h 00 mn &#8211; 18h 00 mn&nbsp;:  D\u00e9pouillement et remplissage des Dipl\u00f4mes de participation et d\u2019honneur par la Commission Technique.<br><br><br>II- JOURNEE DU Mardi 22 DECEMBRE 2020<br>Horaires<br> 7 h 30 mn&nbsp;:  Mise en place du personnel MINADER&nbsp;;<br>8 h 00 mn&nbsp;: Arriv\u00e9e des invit\u00e9s et des partenaires&nbsp;;<br>8h 30 mn&nbsp;: Arriv\u00e9e des D\u00e9l\u00e9gu\u00e9s R\u00e9gionaux et assimil\u00e9s&nbsp;;<br>8 h 45 mn&nbsp;: Arriv\u00e9e des Maires de BAFOUSSAM 1er, 2\u00e8me et 3\u00e8me&nbsp;;<br>9 h 00 mn&nbsp;:  Arriv\u00e9e des Sous-pr\u00e9fets de BAFOUSSAM 1er, 2\u00e8me et 3\u00e8me&nbsp;;<br>9h15 mn&nbsp;: Arriv\u00e9e des Parlementaires&nbsp;;<br>9 h 30 mn&nbsp;: Arriv\u00e9e du Maire de la ville de BAFOUSSAM<br>9 h 45 mn : Arriv\u00e9e de la d\u00e9l\u00e9gation du MINADER <br>9 h 55 mn Arriv\u00e9e des Pr\u00e9fets de la R\u00e9gion&nbsp;;<br>Mise en place termin\u00e9e<br>10h 00 mn&nbsp;: Arriv\u00e9e de Monsieur le Gouverneur de la R\u00e9gion de l\u2019Ouest accompagn\u00e9 du repr\u00e9sentant personnel du MINADER<br>Accueil par&nbsp;: <br>Le Pr\u00e9fet de la MIFI<br>Le Maire de la ville de BAFOUSSAM&nbsp;;<br>Le Sous-pr\u00e9fet de BAFOUSSAM 1er <br> Le Maire de la Commune de Bafoussam 1er<br>Les D\u00e9l\u00e9gu\u00e9s R\u00e9gionaux de l\u2019Agriculture et du D\u00e9veloppement Rural et de l\u2019Elevage, des P\u00eaches et des Industries Animales de l\u2019Ouest<br>Remise du bouquet de fleurs<br>Coupure du ruban symbolique<br>Visite des Stands (foire et mini comice) par le Gouverneur et sa suite<br>Installation \u00e0 la tribune<br>Ex\u00e9cution de l\u2019Hymne National<br><br><br><br>Allocutions<br>Le Maire de la ville de BAFOUSSAM&nbsp;;<br>La Pr\u00e9sidente de la Plate-forme R\u00e9gionale des Producteurs de l\u2019Ouest&nbsp;;<br>Interm\u00e8de&nbsp;;<br>le D\u00e9l\u00e9gu\u00e9 R\u00e9gional de l\u2019Agriculture et du D\u00e9veloppement Rural&nbsp;;<br>interm\u00e8de&nbsp;;<br>Discours de monsieur le Gouverneur de la R\u00e9gion de l\u2019Ouest&nbsp;;<br><br>Proclamation des R\u00e9sultats par le D\u00e9l\u00e9gu\u00e9 R\u00e9gional de l\u2019Elevage, des P\u00eaches et des Industries Animales<br>Remise des prix aux b\u00e9n\u00e9ficiaires (266)<br>12h30&nbsp;: Cocktail sur invitation<br>13 h 30&nbsp;: Fin des c\u00e9r\u00e9monies&nbsp;;<br>13 h 30 \u2013 18 h&nbsp;: Echanges entre acteurs du monde rural et vente des produits du comice et de la foire.<br> Fin de la journ\u00e9e et du Comice\/foire<br> Retour des diff\u00e9rentes d\u00e9l\u00e9gations<\/p>\n","protected":false},"excerpt":{"rendered":"<p>COMICE AGRO SYLVO PASTORAL DE L\u2019OUESTLes 21 et 22 D\u00e9cembre 2020 PROGRAMME OFFICIEL DES JOURNEES DU 21 et 22 DECEMBRE 2020 JOURNEE DU Lundi 21 DECEMBRE 2020 Horaires Activit\u00e9s7 h 00 mn&nbsp;: Arriv\u00e9e et installation des produits de comp\u00e9tition et des produits de la Foire dans les stands appropri\u00e9s&nbsp;;8h 30 mn&nbsp;: D\u00e9but de la vente [&hellip;]<\/p>\n","protected":false},"author":1,"featured_media":0,"parent":0,"menu_order":0,"comment_status":"closed","ping_status":"closed","template":"","meta":{"footnotes":""},"class_list":["post-1458","page","type-page","status-publish","hentry"],"jetpack_sharing_enabled":true,"jetpack_likes_enabled":true,"_links":{"self":[{"href":"https:\/\/www.minader.cm\/index.php\/wp-json\/wp\/v2\/pages\/1458","targetHints":{"allow":["GET"]}}],"collection":[{"href":"https:\/\/www.minader.cm\/index.php\/wp-json\/wp\/v2\/pages"}],"about":[{"href":"https:\/\/www.minader.cm\/index.php\/wp-json\/wp\/v2\/types\/page"}],"author":[{"embeddable":true,"href":"https:\/\/www.minader.cm\/index.php\/wp-json\/wp\/v2\/users\/1"}],"replies":[{"embeddable":true,"href":"https:\/\/www.minader.cm\/index.php\/wp-json\/wp\/v2\/comments?post=1458"}],"version-history":[{"count":7,"href":"https:\/\/www.minader.cm\/index.php\/wp-json\/wp\/v2\/pages\/1458\/revisions"}],"predecessor-version":[{"id":7086,"href":"https:\/\/www.minader.cm\/index.php\/wp-json\/wp\/v2\/pages\/1458\/revisions\/7086"}],"wp:attachment":[{"href":"https:\/\/www.minader.cm\/index.php\/wp-json\/wp\/v2\/media?parent=1458"}],"curies":[{"name":"wp","href":"https:\/\/api.w.org\/{rel}","templated":true}]}}