{"id":1455,"date":"2020-01-13T10:16:57","date_gmt":"2020-01-13T10:16:57","guid":{"rendered":"http:\/\/www.minader.cm\/?page_id=1455"},"modified":"2022-12-27T12:32:26","modified_gmt":"2022-12-27T12:32:26","slug":"delegation-regionale-du-nord-ouest","status":"publish","type":"page","link":"https:\/\/www.minader.cm\/index.php\/delegation-regionale-du-nord-ouest\/","title":{"rendered":"D\u00e9l\u00e9gation R\u00e9gionale du Nord-Ouest"},"content":{"rendered":"<h2 class=\"entry-title\" data-fontsize=\"18\" data-lineheight=\"NaN\"><em>Regional Agro-pastoral show and Trade fair North West 2022<\/em><\/h2>\n\n\n<div class=\"wp-block-media-text alignwide is-stacked-on-mobile\" style=\"grid-template-columns:64% auto\"><figure class=\"wp-block-media-text__media\"><img data-recalc-dims=\"1\" loading=\"lazy\" decoding=\"async\" width=\"669\" height=\"301\" src=\"https:\/\/i0.wp.com\/www.minader.cm\/wp-content\/uploads\/2022\/12\/IMG-20221221-WA0084-1.jpg?resize=669%2C301&#038;ssl=1\" alt=\"\" class=\"wp-image-4834 size-full\" srcset=\"https:\/\/i0.wp.com\/www.minader.cm\/wp-content\/uploads\/2022\/12\/IMG-20221221-WA0084-1.jpg?resize=1024%2C461&amp;ssl=1 1024w, https:\/\/i0.wp.com\/www.minader.cm\/wp-content\/uploads\/2022\/12\/IMG-20221221-WA0084-1.jpg?resize=300%2C135&amp;ssl=1 300w, https:\/\/i0.wp.com\/www.minader.cm\/wp-content\/uploads\/2022\/12\/IMG-20221221-WA0084-1.jpg?resize=768%2C346&amp;ssl=1 768w, https:\/\/i0.wp.com\/www.minader.cm\/wp-content\/uploads\/2022\/12\/IMG-20221221-WA0084-1.jpg?w=1280&amp;ssl=1 1280w\" sizes=\"auto, (max-width: 669px) 100vw, 669px\" \/><\/figure><div class=\"wp-block-media-text__content\">\n<p class=\"has-text-align-center has-vivid-green-cyan-background-color has-background\"><strong>Regional Agro-pastoral show and Trade fair North West 2022<\/strong><\/p>\n<\/div><\/div>\n\n\n\n<figure class=\"wp-block-gallery has-nested-images columns-default is-cropped wp-block-gallery-1 is-layout-flex wp-block-gallery-is-layout-flex\">\n<figure class=\"wp-block-image size-large\"><img data-recalc-dims=\"1\" loading=\"lazy\" decoding=\"async\" width=\"669\" height=\"301\" data-id=\"4827\" src=\"https:\/\/i0.wp.com\/www.minader.cm\/wp-content\/uploads\/2022\/12\/IMG-20221221-WA0086.jpg?resize=669%2C301&#038;ssl=1\" alt=\"\" class=\"wp-image-4827\" srcset=\"https:\/\/i0.wp.com\/www.minader.cm\/wp-content\/uploads\/2022\/12\/IMG-20221221-WA0086.jpg?w=1280&amp;ssl=1 1280w, https:\/\/i0.wp.com\/www.minader.cm\/wp-content\/uploads\/2022\/12\/IMG-20221221-WA0086.jpg?resize=300%2C135&amp;ssl=1 300w, https:\/\/i0.wp.com\/www.minader.cm\/wp-content\/uploads\/2022\/12\/IMG-20221221-WA0086.jpg?resize=1024%2C461&amp;ssl=1 1024w, https:\/\/i0.wp.com\/www.minader.cm\/wp-content\/uploads\/2022\/12\/IMG-20221221-WA0086.jpg?resize=768%2C346&amp;ssl=1 768w\" sizes=\"auto, (max-width: 669px) 100vw, 669px\" \/><\/figure>\n\n\n\n<figure class=\"wp-block-image size-large\"><img data-recalc-dims=\"1\" loading=\"lazy\" decoding=\"async\" width=\"669\" height=\"301\" data-id=\"4826\" src=\"https:\/\/i0.wp.com\/www.minader.cm\/wp-content\/uploads\/2022\/12\/IMG-20221221-WA0065.jpg?resize=669%2C301&#038;ssl=1\" alt=\"\" class=\"wp-image-4826\" srcset=\"https:\/\/i0.wp.com\/www.minader.cm\/wp-content\/uploads\/2022\/12\/IMG-20221221-WA0065.jpg?w=1280&amp;ssl=1 1280w, https:\/\/i0.wp.com\/www.minader.cm\/wp-content\/uploads\/2022\/12\/IMG-20221221-WA0065.jpg?resize=300%2C135&amp;ssl=1 300w, https:\/\/i0.wp.com\/www.minader.cm\/wp-content\/uploads\/2022\/12\/IMG-20221221-WA0065.jpg?resize=1024%2C461&amp;ssl=1 1024w, https:\/\/i0.wp.com\/www.minader.cm\/wp-content\/uploads\/2022\/12\/IMG-20221221-WA0065.jpg?resize=768%2C346&amp;ssl=1 768w\" sizes=\"auto, (max-width: 669px) 100vw, 669px\" \/><\/figure>\n\n\n\n<figure class=\"wp-block-image size-large\"><img data-recalc-dims=\"1\" loading=\"lazy\" decoding=\"async\" width=\"669\" height=\"301\" data-id=\"4825\" src=\"https:\/\/i0.wp.com\/www.minader.cm\/wp-content\/uploads\/2022\/12\/IMG-20221221-WA0081.jpg?resize=669%2C301&#038;ssl=1\" alt=\"\" class=\"wp-image-4825\" srcset=\"https:\/\/i0.wp.com\/www.minader.cm\/wp-content\/uploads\/2022\/12\/IMG-20221221-WA0081.jpg?w=1280&amp;ssl=1 1280w, https:\/\/i0.wp.com\/www.minader.cm\/wp-content\/uploads\/2022\/12\/IMG-20221221-WA0081.jpg?resize=300%2C135&amp;ssl=1 300w, https:\/\/i0.wp.com\/www.minader.cm\/wp-content\/uploads\/2022\/12\/IMG-20221221-WA0081.jpg?resize=1024%2C461&amp;ssl=1 1024w, https:\/\/i0.wp.com\/www.minader.cm\/wp-content\/uploads\/2022\/12\/IMG-20221221-WA0081.jpg?resize=768%2C346&amp;ssl=1 768w\" sizes=\"auto, (max-width: 669px) 100vw, 669px\" \/><\/figure>\n\n\n\n<figure class=\"wp-block-image size-large\"><img data-recalc-dims=\"1\" loading=\"lazy\" decoding=\"async\" width=\"669\" height=\"301\" data-id=\"4834\" src=\"https:\/\/i0.wp.com\/www.minader.cm\/wp-content\/uploads\/2022\/12\/IMG-20221221-WA0084-1.jpg?resize=669%2C301&#038;ssl=1\" alt=\"\" class=\"wp-image-4834\" srcset=\"https:\/\/i0.wp.com\/www.minader.cm\/wp-content\/uploads\/2022\/12\/IMG-20221221-WA0084-1.jpg?w=1280&amp;ssl=1 1280w, https:\/\/i0.wp.com\/www.minader.cm\/wp-content\/uploads\/2022\/12\/IMG-20221221-WA0084-1.jpg?resize=300%2C135&amp;ssl=1 300w, https:\/\/i0.wp.com\/www.minader.cm\/wp-content\/uploads\/2022\/12\/IMG-20221221-WA0084-1.jpg?resize=1024%2C461&amp;ssl=1 1024w, https:\/\/i0.wp.com\/www.minader.cm\/wp-content\/uploads\/2022\/12\/IMG-20221221-WA0084-1.jpg?resize=768%2C346&amp;ssl=1 768w\" sizes=\"auto, (max-width: 669px) 100vw, 669px\" \/><\/figure>\n\n\n\n<figure class=\"wp-block-image size-large\"><img data-recalc-dims=\"1\" loading=\"lazy\" decoding=\"async\" width=\"669\" height=\"301\" data-id=\"4833\" src=\"https:\/\/i0.wp.com\/www.minader.cm\/wp-content\/uploads\/2022\/12\/IMG-20221221-WA0090.jpg?resize=669%2C301&#038;ssl=1\" alt=\"\" class=\"wp-image-4833\" srcset=\"https:\/\/i0.wp.com\/www.minader.cm\/wp-content\/uploads\/2022\/12\/IMG-20221221-WA0090.jpg?w=1280&amp;ssl=1 1280w, https:\/\/i0.wp.com\/www.minader.cm\/wp-content\/uploads\/2022\/12\/IMG-20221221-WA0090.jpg?resize=300%2C135&amp;ssl=1 300w, https:\/\/i0.wp.com\/www.minader.cm\/wp-content\/uploads\/2022\/12\/IMG-20221221-WA0090.jpg?resize=1024%2C461&amp;ssl=1 1024w, https:\/\/i0.wp.com\/www.minader.cm\/wp-content\/uploads\/2022\/12\/IMG-20221221-WA0090.jpg?resize=768%2C346&amp;ssl=1 768w\" sizes=\"auto, (max-width: 669px) 100vw, 669px\" \/><\/figure>\n\n\n\n<figure class=\"wp-block-image size-large\"><img data-recalc-dims=\"1\" loading=\"lazy\" decoding=\"async\" width=\"669\" height=\"301\" data-id=\"4831\" src=\"https:\/\/i0.wp.com\/www.minader.cm\/wp-content\/uploads\/2022\/12\/IMG-20221221-WA0077.jpg?resize=669%2C301&#038;ssl=1\" alt=\"\" class=\"wp-image-4831\" srcset=\"https:\/\/i0.wp.com\/www.minader.cm\/wp-content\/uploads\/2022\/12\/IMG-20221221-WA0077.jpg?w=1280&amp;ssl=1 1280w, https:\/\/i0.wp.com\/www.minader.cm\/wp-content\/uploads\/2022\/12\/IMG-20221221-WA0077.jpg?resize=300%2C135&amp;ssl=1 300w, https:\/\/i0.wp.com\/www.minader.cm\/wp-content\/uploads\/2022\/12\/IMG-20221221-WA0077.jpg?resize=1024%2C461&amp;ssl=1 1024w, https:\/\/i0.wp.com\/www.minader.cm\/wp-content\/uploads\/2022\/12\/IMG-20221221-WA0077.jpg?resize=768%2C346&amp;ssl=1 768w\" sizes=\"auto, (max-width: 669px) 100vw, 669px\" \/><\/figure>\n<\/figure>\n","protected":false},"excerpt":{"rendered":"<p>Regional Agro-pastoral show and Trade fair North West 2022 Regional Agro-pastoral show and Trade fair North West 2022<\/p>\n","protected":false},"author":1,"featured_media":2071,"parent":0,"menu_order":0,"comment_status":"closed","ping_status":"closed","template":"","meta":{"footnotes":""},"class_list":["post-1455","page","type-page","status-publish","has-post-thumbnail","hentry"],"jetpack_sharing_enabled":true,"jetpack_likes_enabled":true,"_links":{"self":[{"href":"https:\/\/www.minader.cm\/index.php\/wp-json\/wp\/v2\/pages\/1455","targetHints":{"allow":["GET"]}}],"collection":[{"href":"https:\/\/www.minader.cm\/index.php\/wp-json\/wp\/v2\/pages"}],"about":[{"href":"https:\/\/www.minader.cm\/index.php\/wp-json\/wp\/v2\/types\/page"}],"author":[{"embeddable":true,"href":"https:\/\/www.minader.cm\/index.php\/wp-json\/wp\/v2\/users\/1"}],"replies":[{"embeddable":true,"href":"https:\/\/www.minader.cm\/index.php\/wp-json\/wp\/v2\/comments?post=1455"}],"version-history":[{"count":3,"href":"https:\/\/www.minader.cm\/index.php\/wp-json\/wp\/v2\/pages\/1455\/revisions"}],"predecessor-version":[{"id":4874,"href":"https:\/\/www.minader.cm\/index.php\/wp-json\/wp\/v2\/pages\/1455\/revisions\/4874"}],"wp:featuredmedia":[{"embeddable":true,"href":"https:\/\/www.minader.cm\/index.php\/wp-json\/wp\/v2\/media\/2071"}],"wp:attachment":[{"href":"https:\/\/www.minader.cm\/index.php\/wp-json\/wp\/v2\/media?parent=1455"}],"curies":[{"name":"wp","href":"https:\/\/api.w.org\/{rel}","templated":true}]}}