{"id":1449,"date":"2020-01-13T10:15:59","date_gmt":"2020-01-13T10:15:59","guid":{"rendered":"http:\/\/www.minader.cm\/?page_id=1449"},"modified":"2025-12-12T13:23:23","modified_gmt":"2025-12-12T13:23:23","slug":"delegation-regionale-du-littoral","status":"publish","type":"page","link":"https:\/\/www.minader.cm\/index.php\/delegation-regionale-du-littoral\/","title":{"rendered":"D\u00e9l\u00e9gation R\u00e9gionale du Littoral"},"content":{"rendered":"\n<div class=\"wp-block-buttons is-content-justification-center is-layout-flex wp-container-core-buttons-is-layout-16018d1d wp-block-buttons-is-layout-flex\">\n<div class=\"wp-block-button\"><a class=\"wp-block-button__link has-black-color has-vivid-green-cyan-background-color has-text-color has-background\">Mini Comice agropastoral et artisanal du Littoral<\/a><\/div>\n\n\n\n<div class=\"wp-block-button is-style-fill\"><a class=\"wp-block-button__link has-black-color has-vivid-green-cyan-background-color has-text-color has-background\" style=\"border-radius:36px\">Du 21 au 23 d\u00e9cembre 2025<\/a><\/div>\n<\/div>\n\n\n\n<figure class=\"wp-block-image size-large\"><img data-recalc-dims=\"1\" loading=\"lazy\" decoding=\"async\" width=\"669\" height=\"938\" src=\"https:\/\/i0.wp.com\/www.minader.cm\/wp-content\/uploads\/2025\/12\/Screenshot_20251212-142254.png?resize=669%2C938&#038;ssl=1\" alt=\"\" class=\"wp-image-7088\" srcset=\"https:\/\/i0.wp.com\/www.minader.cm\/wp-content\/uploads\/2025\/12\/Screenshot_20251212-142254.png?resize=730%2C1024&amp;ssl=1 730w, https:\/\/i0.wp.com\/www.minader.cm\/wp-content\/uploads\/2025\/12\/Screenshot_20251212-142254.png?resize=214%2C300&amp;ssl=1 214w, https:\/\/i0.wp.com\/www.minader.cm\/wp-content\/uploads\/2025\/12\/Screenshot_20251212-142254.png?resize=768%2C1078&amp;ssl=1 768w, https:\/\/i0.wp.com\/www.minader.cm\/wp-content\/uploads\/2025\/12\/Screenshot_20251212-142254.png?resize=1095%2C1536&amp;ssl=1 1095w, https:\/\/i0.wp.com\/www.minader.cm\/wp-content\/uploads\/2025\/12\/Screenshot_20251212-142254.png?w=1200&amp;ssl=1 1200w\" sizes=\"auto, (max-width: 669px) 100vw, 669px\" \/><\/figure>\n\n\n\n<figure class=\"wp-block-image size-full\"><img data-recalc-dims=\"1\" loading=\"lazy\" decoding=\"async\" width=\"643\" height=\"886\" src=\"https:\/\/i0.wp.com\/www.minader.cm\/wp-content\/uploads\/2022\/12\/WhatsApp-Image-2022-12-06-a-10.19.18.jpg?resize=643%2C886&#038;ssl=1\" alt=\"\" class=\"wp-image-4683\" srcset=\"https:\/\/i0.wp.com\/www.minader.cm\/wp-content\/uploads\/2022\/12\/WhatsApp-Image-2022-12-06-a-10.19.18.jpg?w=643&amp;ssl=1 643w, https:\/\/i0.wp.com\/www.minader.cm\/wp-content\/uploads\/2022\/12\/WhatsApp-Image-2022-12-06-a-10.19.18.jpg?resize=218%2C300&amp;ssl=1 218w\" sizes=\"auto, (max-width: 643px) 100vw, 643px\" \/><\/figure>\n\n\n\n<figure class=\"wp-block-image size-large\"><img data-recalc-dims=\"1\" loading=\"lazy\" decoding=\"async\" width=\"669\" height=\"915\" src=\"https:\/\/i0.wp.com\/www.minader.cm\/wp-content\/uploads\/2020\/12\/IMG-20201130-WA0014.jpg?resize=669%2C915\" alt=\"\" class=\"wp-image-2031\" srcset=\"https:\/\/i0.wp.com\/www.minader.cm\/wp-content\/uploads\/2020\/12\/IMG-20201130-WA0014.jpg?w=683&amp;ssl=1 683w, https:\/\/i0.wp.com\/www.minader.cm\/wp-content\/uploads\/2020\/12\/IMG-20201130-WA0014.jpg?resize=219%2C300&amp;ssl=1 219w, https:\/\/i0.wp.com\/www.minader.cm\/wp-content\/uploads\/2020\/12\/IMG-20201130-WA0014.jpg?resize=600%2C820&amp;ssl=1 600w\" sizes=\"auto, (max-width: 669px) 100vw, 669px\" \/><figcaption>Sous le haut patronage de Monsieur le gouverneur de la r\u00e9gion du Littoral, parrain\u00e9 par le Ministre de l&rsquo;agriculture et du d\u00e9veloppement rural ; vivez la 20 ieme \u00e9dition du mini comice agro-pastoral et artisanal du Littoral du 21 au 23 d\u00e9cembre 2020 au complexe sportif CAMTEL de Bepanda.<\/figcaption><\/figure>\n\n\n\n<figure class=\"wp-block-embed is-type-wp-embed is-provider-minader wp-block-embed-minader\"><div class=\"wp-block-embed__wrapper\">\n<div class=\"\"><blockquote class=\"wp-embedded-content\" data-secret=\"E4ekEUwVdU\"><a href=\"https:\/\/www.minader.cm\/index.php\/2021\/10\/21\/la-culture-de-riz-dans-le-littoral\/\">La culture de riz dans le Littoral<\/a><\/blockquote><iframe loading=\"lazy\" class=\"wp-embedded-content\" sandbox=\"allow-scripts\" security=\"restricted\" style=\"position: absolute; clip: rect(1px, 1px, 1px, 1px);\" title=\"\u00ab\u00a0La culture de riz dans le Littoral\u00a0\u00bb &#8212; MINADER\" src=\"https:\/\/www.minader.cm\/index.php\/2021\/10\/21\/la-culture-de-riz-dans-le-littoral\/embed\/#?secret=jg4TqAqgnd#?secret=E4ekEUwVdU\" data-secret=\"E4ekEUwVdU\" width=\"600\" height=\"338\" frameborder=\"0\" marginwidth=\"0\" marginheight=\"0\" scrolling=\"no\"><\/iframe><\/div>\n<\/div><\/figure>\n","protected":false},"excerpt":{"rendered":"","protected":false},"author":1,"featured_media":2031,"parent":0,"menu_order":0,"comment_status":"closed","ping_status":"closed","template":"","meta":{"footnotes":""},"class_list":["post-1449","page","type-page","status-publish","has-post-thumbnail","hentry"],"jetpack_sharing_enabled":true,"jetpack_likes_enabled":true,"_links":{"self":[{"href":"https:\/\/www.minader.cm\/index.php\/wp-json\/wp\/v2\/pages\/1449","targetHints":{"allow":["GET"]}}],"collection":[{"href":"https:\/\/www.minader.cm\/index.php\/wp-json\/wp\/v2\/pages"}],"about":[{"href":"https:\/\/www.minader.cm\/index.php\/wp-json\/wp\/v2\/types\/page"}],"author":[{"embeddable":true,"href":"https:\/\/www.minader.cm\/index.php\/wp-json\/wp\/v2\/users\/1"}],"replies":[{"embeddable":true,"href":"https:\/\/www.minader.cm\/index.php\/wp-json\/wp\/v2\/comments?post=1449"}],"version-history":[{"count":6,"href":"https:\/\/www.minader.cm\/index.php\/wp-json\/wp\/v2\/pages\/1449\/revisions"}],"predecessor-version":[{"id":7089,"href":"https:\/\/www.minader.cm\/index.php\/wp-json\/wp\/v2\/pages\/1449\/revisions\/7089"}],"wp:featuredmedia":[{"embeddable":true,"href":"https:\/\/www.minader.cm\/index.php\/wp-json\/wp\/v2\/media\/2031"}],"wp:attachment":[{"href":"https:\/\/www.minader.cm\/index.php\/wp-json\/wp\/v2\/media?parent=1449"}],"curies":[{"name":"wp","href":"https:\/\/api.w.org\/{rel}","templated":true}]}}