{"id":1434,"date":"2020-01-10T11:48:26","date_gmt":"2020-01-10T11:48:26","guid":{"rendered":"http:\/\/www.minader.cm\/?page_id=1434"},"modified":"2023-06-28T17:16:45","modified_gmt":"2023-06-28T17:16:45","slug":"direction-du-developpement-local-et-communautaire-ddlc","status":"publish","type":"page","link":"https:\/\/www.minader.cm\/index.php\/direction-du-developpement-local-et-communautaire-ddlc\/","title":{"rendered":"Direction du D\u00e9veloppement Local et Communautaire (DDLC)"},"content":{"rendered":"\n<figure class=\"wp-block-image size-large\"><img loading=\"lazy\" decoding=\"async\" width=\"1080\" height=\"270\" src=\"https:\/\/i0.wp.com\/www.minader.cm\/wp-content\/uploads\/2023\/06\/IMG-20230628-WA0004.jpg?fit=669%2C167&amp;ssl=1\" alt=\"\" class=\"wp-image-5361\" srcset=\"https:\/\/i0.wp.com\/www.minader.cm\/wp-content\/uploads\/2023\/06\/IMG-20230628-WA0004.jpg?w=1080&amp;ssl=1 1080w, https:\/\/i0.wp.com\/www.minader.cm\/wp-content\/uploads\/2023\/06\/IMG-20230628-WA0004.jpg?resize=300%2C75&amp;ssl=1 300w, https:\/\/i0.wp.com\/www.minader.cm\/wp-content\/uploads\/2023\/06\/IMG-20230628-WA0004.jpg?resize=1024%2C256&amp;ssl=1 1024w, https:\/\/i0.wp.com\/www.minader.cm\/wp-content\/uploads\/2023\/06\/IMG-20230628-WA0004.jpg?resize=768%2C192&amp;ssl=1 768w\" sizes=\"auto, (max-width: 669px) 100vw, 669px\" \/><\/figure>\n\n\n\n<p class=\"has-text-align-center has-black-color has-vivid-green-cyan-background-color has-text-color has-background\"><strong>DE LA DIRECTION DU DEVELOPPEMENT LOCAL ET COMMUNAUTAIRE\u00a0<\/strong><\/p>\n\n\n\n<p><br>(1) Plac\u00e9e sous l\u2019autorit\u00e9 d\u2019un Directeur, la Direction du D\u00e9veloppement Local et Communautaire est charg\u00e9e :<br>\u2013 de la conception, de l\u2019\u00e9laboration et du suivi de la mise en \u0153uvre de la politique d\u2019autopromotion des communaut\u00e9s rurales ;<br>\u2013 de la promotion de la participation effective des communaut\u00e9s rurales au processus de d\u00e9veloppement local; \u2013 de l\u2019appui \u00e0 l\u2019\u00e9mergence d\u2019initiatives locales de d\u00e9veloppement ;<br>\u2013 de l\u2019appui \u00e0 l\u2019\u00e9laboration et \u00e0 la mise en \u0153uvre des plans de d\u00e9veloppement communaux et locaux ;<br>\u2013 du suivi de la r\u00e9alisation des programmes de d\u00e9veloppement communautaire, local et participatif ;<br>\u2013 de la coordination des programmes de d\u00e9veloppement participatif en milieu rural ;<br>\u2013 de la promotion de la politique de participation des communaut\u00e9s rurales \u00e0 la r\u00e9alisation des projets et \u00e0 la maintenance des \u00e9quipements ruraux d\u2019int\u00e9r\u00eat collectif ;<br>\u2013 de la gestion des liaisons avec les organisations non gouvernementales intervenant en milieu rural pour l\u2019auto-promotion des communaut\u00e9s rurales et du suivi de leurs programmes et activit\u00e9s ;<br>\u2013 de la promotion \u00e9conomique de la femme rurale, en liaison avec le Minist\u00e8re charg\u00e9 de la promotion de la femme ;<br>\u2013 de la prise en compte de l\u2019aspect genre dans les programmes de d\u00e9veloppement agricole et rural ;<br>\u2013 de la conception et du suivi des programmes d\u2019\u00e9ducation des adultes en milieu rural, en liaison avec les administrations concern\u00e9es ;<br>\u2013 de la pr\u00e9paration et du suivi des programmes de formation dans les centres d\u2019\u00e9ducation et d\u2019action communautaire ;<br>\u2013 de l\u2019\u00e9tablissement et de la mise \u00e0 jour du fichier national des soci\u00e9t\u00e9s coop\u00e9ratives et des groupes d\u2019initiative commune ;<br>\u2013 de l\u2019\u00e9laboration des indicateurs de performance sectoriels.<br>(2) Elle comprend :<br>\u2013 la Sous-Direction du D\u00e9veloppement Communautaire ;<br>\u2013 la Cellule de Coordination des Programmes de D\u00e9veloppement Participatif ;<br>\u2013 la Cellule du Registre.<\/p>\n","protected":false},"excerpt":{"rendered":"<p>DE LA DIRECTION DU DEVELOPPEMENT LOCAL ET COMMUNAUTAIRE\u00a0 (1) Plac\u00e9e sous l\u2019autorit\u00e9 d\u2019un Directeur, la Direction du D\u00e9veloppement Local et Communautaire est charg\u00e9e :\u2013 de la conception, de l\u2019\u00e9laboration et du suivi de la mise en \u0153uvre de la politique d\u2019autopromotion des communaut\u00e9s rurales ;\u2013 de la promotion de la participation effective des communaut\u00e9s rurales [&hellip;]<\/p>\n","protected":false},"author":1,"featured_media":0,"parent":0,"menu_order":0,"comment_status":"closed","ping_status":"closed","template":"","meta":{"footnotes":""},"class_list":["post-1434","page","type-page","status-publish","hentry"],"jetpack_sharing_enabled":true,"jetpack_likes_enabled":true,"_links":{"self":[{"href":"https:\/\/www.minader.cm\/index.php\/wp-json\/wp\/v2\/pages\/1434","targetHints":{"allow":["GET"]}}],"collection":[{"href":"https:\/\/www.minader.cm\/index.php\/wp-json\/wp\/v2\/pages"}],"about":[{"href":"https:\/\/www.minader.cm\/index.php\/wp-json\/wp\/v2\/types\/page"}],"author":[{"embeddable":true,"href":"https:\/\/www.minader.cm\/index.php\/wp-json\/wp\/v2\/users\/1"}],"replies":[{"embeddable":true,"href":"https:\/\/www.minader.cm\/index.php\/wp-json\/wp\/v2\/comments?post=1434"}],"version-history":[{"count":3,"href":"https:\/\/www.minader.cm\/index.php\/wp-json\/wp\/v2\/pages\/1434\/revisions"}],"predecessor-version":[{"id":5377,"href":"https:\/\/www.minader.cm\/index.php\/wp-json\/wp\/v2\/pages\/1434\/revisions\/5377"}],"wp:attachment":[{"href":"https:\/\/www.minader.cm\/index.php\/wp-json\/wp\/v2\/media?parent=1434"}],"curies":[{"name":"wp","href":"https:\/\/api.w.org\/{rel}","templated":true}]}}