{"id":130,"date":"2016-06-22T11:53:25","date_gmt":"2016-06-22T11:53:25","guid":{"rendered":"http:\/\/www.minader.cm\/?page_id=130"},"modified":"2023-06-28T18:08:46","modified_gmt":"2023-06-28T18:08:46","slug":"partenaires-au-developpement","status":"publish","type":"page","link":"https:\/\/www.minader.cm\/index.php\/nos-institutions\/partenaires-au-developpement\/","title":{"rendered":"Partenaires \u00e0 la coop\u00e9ration"},"content":{"rendered":"<div class=\"fusion-image-carousel fusion-image-carousel-fixed lightbox-enabled fusion-carousel-border\"><div class=\"fusion-carousel\" data-autoplay=\"yes\" data-columns=\"5\" data-itemmargin=\"13\" data-itemwidth=\"180\" data-touchscroll=\"no\" data-imagesize=\"fixed\" data-scrollitems=\"3\"><div class=\"fusion-carousel-positioner\"><ul class=\"fusion-carousel-holder\"><li class=\"fusion-carousel-item\"><div class=\"fusion-carousel-item-wrapper\"><div class=\"fusion-image-wrapper hover-type-zoomin\"><a data-rel=\"iLightbox[gallery_image_1]\" data-title=\"Partenaires \u00e0 la coop\u00e9ration\" href=\"http:\/\/www.afd.fr\/home\" target=\"_blank\"><img data-recalc-dims=\"1\" height=\"258\" width=\"300\" decoding=\"async\" src=\"https:\/\/i0.wp.com\/www.minader.cm\/wp-content\/uploads\/2016\/06\/afd-300x258.gif?resize=300%2C258\" alt=\" AFD : Agence Fran\u00e7aise de D\u00e9veloppement\" \/><\/a><\/div><\/div><\/li><li class=\"fusion-carousel-item\"><div class=\"fusion-carousel-item-wrapper\"><div class=\"fusion-image-wrapper hover-type-zoomin\"><a data-rel=\"iLightbox[gallery_image_1]\" data-title=\"Partenaires \u00e0 la coop\u00e9ration\" href=\"http:\/\/www.afdb.org\/fr\/\" target=\"_self\"><img data-recalc-dims=\"1\" decoding=\"async\" src=\"https:\/\/i0.wp.com\/www.minader.cm\/wp-content\/uploads\/2016\/06\/BAD-1.jpg?w=669\" alt=\"BAD : Banque Africaine de D\u00e9veloppement\" \/><\/a><\/div><\/div><\/li><li class=\"fusion-carousel-item\"><div class=\"fusion-carousel-item-wrapper\"><div class=\"fusion-image-wrapper hover-type-zoomin\"><a data-rel=\"iLightbox[gallery_image_1]\" data-title=\"Partenaires \u00e0 la coop\u00e9ration\" href=\"https:\/\/www.ifad.org\/\" target=\"_blank\"><img data-recalc-dims=\"1\" height=\"237\" width=\"300\" decoding=\"async\" src=\"https:\/\/i0.wp.com\/www.minader.cm\/wp-content\/uploads\/2016\/06\/IFAD-FIDA-logo-300x237.jpg?resize=300%2C237\" alt=\"FIDA : Fonds International de D\u00e9veloppement de l\u2019Agriculture\" \/><\/a><\/div><\/div><\/li><li class=\"fusion-carousel-item\"><div class=\"fusion-carousel-item-wrapper\"><div class=\"fusion-image-wrapper hover-type-zoomin\"><a data-rel=\"iLightbox[gallery_image_1]\" data-title=\"Partenaires \u00e0 la coop\u00e9ration\" href=\"http:\/\/www.jica.go.jp\/french\/\" target=\"_blank\"><img data-recalc-dims=\"1\" decoding=\"async\" src=\"https:\/\/i0.wp.com\/www.minader.cm\/wp-content\/uploads\/2016\/06\/JICA.jpg?w=669\" alt=\"JICA : Japanese International Cooperation Agency\" \/><\/a><\/div><\/div><\/li><li class=\"fusion-carousel-item\"><div class=\"fusion-carousel-item-wrapper\"><div class=\"fusion-image-wrapper hover-type-zoomin\"><a data-rel=\"iLightbox[gallery_image_1]\" data-title=\"Partenaires \u00e0 la coop\u00e9ration\" href=\"https:\/\/www.beac.int\/\" target=\"_blank\"><img data-recalc-dims=\"1\" height=\"300\" width=\"258\" decoding=\"async\" src=\"https:\/\/i0.wp.com\/www.minader.cm\/wp-content\/uploads\/2016\/06\/BEAC-258x300.jpg?resize=258%2C300\" alt=\"BEAC : Banque des Etats de l\u2019Afrique Centrale\" \/><\/a><\/div><\/div><\/li><li class=\"fusion-carousel-item\"><div class=\"fusion-carousel-item-wrapper\"><div class=\"fusion-image-wrapper hover-type-zoomin\"><a data-rel=\"iLightbox[gallery_image_1]\" data-title=\"Partenaires \u00e0 la coop\u00e9ration\" href=\"http:\/\/www.fao.org\/home\/fr\/\" target=\"_blank\"><img data-recalc-dims=\"1\" height=\"121\" width=\"300\" decoding=\"async\" src=\"https:\/\/i0.wp.com\/www.minader.cm\/wp-content\/uploads\/2016\/06\/FAO_logo_Blue_3lines_en-300x121.jpg?resize=300%2C121\" alt=\"FAO\" \/><\/a><\/div><\/div><\/li><li class=\"fusion-carousel-item\"><div class=\"fusion-carousel-item-wrapper\"><div class=\"fusion-image-wrapper hover-type-zoomin\"><a data-rel=\"iLightbox[gallery_image_1]\" data-title=\"Partenaires \u00e0 la coop\u00e9ration\" href=\"http:\/\/fr.wfp.org\/\" target=\"_blank\"><img data-recalc-dims=\"1\" height=\"231\" width=\"300\" decoding=\"async\" src=\"https:\/\/i0.wp.com\/www.minader.cm\/wp-content\/uploads\/2016\/06\/programme-alimentaire-mondial-grand-300x231.jpg?resize=300%2C231\" alt=\"PAM\" \/><\/a><\/div><\/div><\/li><li class=\"fusion-carousel-item\"><div class=\"fusion-carousel-item-wrapper\"><div class=\"fusion-image-wrapper hover-type-zoomin\"><a data-rel=\"iLightbox[gallery_image_1]\" data-title=\"Partenaires \u00e0 la coop\u00e9ration\" href=\"http:\/\/www.banquemondiale.org\/\" target=\"_blank\"><img data-recalc-dims=\"1\" height=\"150\" width=\"300\" decoding=\"async\" src=\"https:\/\/i0.wp.com\/www.minader.cm\/wp-content\/uploads\/2016\/06\/la-banque-mondiale-logo-300x150.png?resize=300%2C150\" alt=\"Banque mondiale\" \/><\/a><\/div><\/div><\/li><\/ul><div class=\"fusion-carousel-nav\"><span class=\"fusion-nav-prev\"><\/span><span class=\"fusion-nav-next\"><\/span><\/div><\/div><\/div><\/div>\n\n\n<p style=\"text-align: center;\"><strong>LES PARTENAIRES&nbsp; A LA COOP\u00c9RATION<\/strong><\/p>\n<p>&nbsp;<\/p>\n<p><strong>AFD&nbsp;<\/strong>: Agence Fran\u00e7aise de D\u00e9veloppement<\/p>\n<p><strong>BAD&nbsp;<\/strong>: Banque&nbsp; Africaine de D\u00e9veloppement<\/p>\n<p><strong>BEAC&nbsp;<\/strong>: Banque des Etats de l\u2019Afrique Centrale<\/p>\n<p><strong>CAPEF&nbsp;<\/strong>: Chambre d\u2019Agriculture, des P\u00eaches, de l\u2019Elevage et des Forets<\/p>\n<p><strong>CEEAC&nbsp;<\/strong>: Communaut\u00e9 Economique des Etats de l\u2019Afrique Centrale<\/p>\n<p><strong>CEMAC&nbsp;<\/strong>: Communaut\u00e9 Economique&nbsp; et Mon\u00e9taire des&nbsp; Etats de l\u2019Afrique Centrale<\/p>\n<p><strong>CFCE&nbsp;<\/strong>: Centre de Facilitation des formalit\u00e9s administratives de Cr\u00e9ation des&nbsp; Entreprises<\/p>\n<p><strong>CNAC&nbsp;<\/strong>: Corps National des Artisans du Cameroun<\/p>\n<p><strong>CONAC&nbsp;<\/strong>: Comit\u00e9 National Anti Corruption<\/p>\n<p><strong>FIDA&nbsp;<\/strong>: Fonds International de D\u00e9veloppement de l\u2019Agriculture<\/p>\n<p><strong>GICAM&nbsp;<\/strong>: Groupement Inter-patronal du Cameroun<\/p>\n<p><strong>GPMECAM&nbsp;<\/strong>: Groupement des&nbsp; PME du Cameroun<\/p>\n<p><strong>GUCE&nbsp;<\/strong>: Guichet&nbsp; Unique pour le Commerce Ext\u00e9rieur<\/p>\n<p><strong>JICA&nbsp;<\/strong>: Japanese International Cooperation Agency<\/p>\n<p><strong>ME&nbsp;<\/strong>: Micro Entreprise<\/p>\n<p><strong>MECAM&nbsp;<\/strong>: Mouvement des Entreprises du Cameroun<\/p>\n<p>&nbsp;<\/p>","protected":false},"excerpt":{"rendered":"<p>LES PARTENAIRES&nbsp; A LA COOP\u00c9RATION &nbsp; AFD&nbsp;: Agence Fran\u00e7aise de D\u00e9veloppement BAD&nbsp;: Banque&nbsp; Africaine de D\u00e9veloppement BEAC&nbsp;: Banque des Etats de l\u2019Afrique Centrale CAPEF&nbsp;: Chambre d\u2019Agriculture, des P\u00eaches, de l\u2019Elevage et des Forets CEEAC&nbsp;: Communaut\u00e9 Economique des Etats de l\u2019Afrique Centrale CEMAC&nbsp;: Communaut\u00e9 Economique&nbsp; et Mon\u00e9taire des&nbsp; Etats de l\u2019Afrique Centrale CFCE&nbsp;: Centre de Facilitation [&hellip;]<\/p>\n","protected":false},"author":1,"featured_media":0,"parent":126,"menu_order":0,"comment_status":"closed","ping_status":"closed","template":"","meta":{"footnotes":""},"class_list":["post-130","page","type-page","status-publish","hentry"],"jetpack_sharing_enabled":true,"jetpack_likes_enabled":true,"_links":{"self":[{"href":"https:\/\/www.minader.cm\/index.php\/wp-json\/wp\/v2\/pages\/130","targetHints":{"allow":["GET"]}}],"collection":[{"href":"https:\/\/www.minader.cm\/index.php\/wp-json\/wp\/v2\/pages"}],"about":[{"href":"https:\/\/www.minader.cm\/index.php\/wp-json\/wp\/v2\/types\/page"}],"author":[{"embeddable":true,"href":"https:\/\/www.minader.cm\/index.php\/wp-json\/wp\/v2\/users\/1"}],"replies":[{"embeddable":true,"href":"https:\/\/www.minader.cm\/index.php\/wp-json\/wp\/v2\/comments?post=130"}],"version-history":[{"count":6,"href":"https:\/\/www.minader.cm\/index.php\/wp-json\/wp\/v2\/pages\/130\/revisions"}],"predecessor-version":[{"id":5388,"href":"https:\/\/www.minader.cm\/index.php\/wp-json\/wp\/v2\/pages\/130\/revisions\/5388"}],"up":[{"embeddable":true,"href":"https:\/\/www.minader.cm\/index.php\/wp-json\/wp\/v2\/pages\/126"}],"wp:attachment":[{"href":"https:\/\/www.minader.cm\/index.php\/wp-json\/wp\/v2\/media?parent=130"}],"curies":[{"name":"wp","href":"https:\/\/api.w.org\/{rel}","templated":true}]}}