{"id":13,"date":"2016-06-20T11:21:38","date_gmt":"2016-06-20T11:21:38","guid":{"rendered":"http:\/\/www.minader.cm\/?page_id=13"},"modified":"2019-10-15T14:50:34","modified_gmt":"2019-10-15T14:50:34","slug":"le-minader","status":"publish","type":"page","link":"https:\/\/www.minader.cm\/index.php\/le-minader\/","title":{"rendered":"MISSIONS"},"content":{"rendered":"<h2 style=\"text-align: center;\"><strong>MISSIONS du Ministre <\/strong><\/h2>\n<p><strong>Article 1er :<\/strong><br \/>\n<strong><em>Le Minist\u00e8re de l\u2019Agriculture et du D\u00e9veloppement Rural est plac\u00e9 sous l\u2019autorit\u00e9<\/em><\/strong><strong> d\u2019un Ministre, assist\u00e9 d\u2019un Ministre D\u00e9l\u00e9gu\u00e9 charg\u00e9 du D\u00e9veloppement Rural. <\/strong><\/p>\n<p>Le Ministre de l\u2019Agriculture et du D\u00e9veloppement Rural est charg\u00e9 de l\u2019\u00e9laboration, de la mise en \u0153uvre et de l\u2019\u00e9valuation de la politique du Gouvernement dans les domaines de l\u2019agriculture et du d\u00e9veloppement rural. A ce titre, il est responsable :<\/p>\n<ol>\n<li>a) <strong>En mati\u00e8re agricole :<\/strong><\/li>\n<\/ol>\n<p>&#8211; De l&rsquo;\u00e9laboration, de la planification et de la r\u00e9alisation des programmes gouvernementaux relatifs \u00e0 l&rsquo;agriculture et au d\u00e9veloppement rural;<br \/>\n&#8211; De l&rsquo;\u00e9laboration de la r\u00e9glementation et des normes, ainsi que du contr\u00f4le de leur application;\u00a0 &#8211; du suivi et de la protection des diff\u00e9rentes fili\u00e8res agricoles;<br \/>\n&#8211; De la protection phytosanitaire des v\u00e9g\u00e9taux;<br \/>\n&#8211; De la conception des strat\u00e9gies et des modalit\u00e9s pour garantir la s\u00e9curit\u00e9 et l&rsquo;autosuffisance alimentaires ainsi que du suivi de leur mise en \u0153uvre;<br \/>\n&#8211; De l&rsquo;identification et de la promotion de nouvelles productions agricoles pour l&rsquo;exportation;\u00a0 &#8211; de la collecte, de la production et de l&rsquo;analyse des statistiques agricoles;<br \/>\n&#8211; De la diffusion de l&rsquo;information et des conseils agricoles aupr\u00e8s des producteurs;<br \/>\n&#8211; De la coordination de la gestion des situations de crise en mati\u00e8re agricole ;<br \/>\n&#8211; Du suivi des organisations professionnelles agricoles ;<br \/>\n&#8211; De la promotion des investissements, des moyennes et grandes exploitations dans le secteur agricole;<br \/>\n&#8211; De l&rsquo;enseignement agricole et coop\u00e9ratif et du contr\u00f4le de l&rsquo;enseignement agricole et coop\u00e9ratif et du contr\u00f4le de l&rsquo;enseignement agricole priv\u00e9, en liaison avec le Minist\u00e8re charg\u00e9 de la formation professionnelle.<\/p>\n<ol>\n<li>b) <strong>En mati\u00e8re de d\u00e9veloppement rural :<\/strong><\/li>\n<\/ol>\n<p>&#8211; De l&rsquo;encadrement des paysans et de la vulgarisation agricole;<br \/>\n&#8211; De la participation \u00e0 la planification des programmes d&rsquo;am\u00e9lioration du cadre de vie en milieu rural, en liaison avec les Minist\u00e8res comp\u00e9tents;<br \/>\n&#8211; du suivi de la r\u00e9alisation des programmes d&rsquo;am\u00e9lioration du cadre de vie en milieu rural;<br \/>\n&#8211; De la promotion du d\u00e9veloppement communautaire;<br \/>\n&#8211; du g\u00e9nie rural.<br \/>\nIl assure la tutelle des structures de d\u00e9veloppement en milieu rural ainsi que celle de la \u00abCameroon Development Corporation \u00bb, de la Soci\u00e9t\u00e9 de D\u00e9veloppement du Cacao et de la Chambre d&rsquo;Agriculture, de l&rsquo;Elevage et des For\u00eats.\u00a0 Il assure la liaison avec l&rsquo;Organisation des Nations-Unies pour l&rsquo;Alimentation et l&rsquo;Agriculture et le Programme Alimentaire Mondial, notamment.<br \/>\n<strong>Article 2<\/strong> :<br \/>\nPour l&rsquo;accomplissement de ses missions, le Ministre de l\u2019Agriculture et du d\u00e9veloppement Rural dispose :<br \/>\n&#8211; d\u2019un Secr\u00e9tariat Particulier ;<br \/>\n&#8211; de deux (02) Conseillers Techniques ;<br \/>\n&#8211; d\u2019une Inspection G\u00e9n\u00e9rale ;<br \/>\n&#8211; d\u2019une Administration Centrale ;<br \/>\n&#8211; de Services D\u00e9concentr\u00e9s ;<br \/>\n&#8211; de Services Rattach\u00e9s.<br \/>\nLe Ministre D\u00e9l\u00e9gu\u00e9 charg\u00e9 du D\u00e9veloppement Rural dispose d\u2019un Secr\u00e9tariat Particulier.<br \/>\n<strong>\u00a0<a href=\"http:\/\/www.minader.cm\/wp-content\/uploads\/2016\/06\/MissionsMinader_version_pdf.pdf\" target=\"_blank\" rel=\"noopener\">Missions Minader version pdf<\/a><\/strong><\/p>\n\n","protected":false},"excerpt":{"rendered":"","protected":false},"author":1,"featured_media":0,"parent":0,"menu_order":0,"comment_status":"closed","ping_status":"closed","template":"","meta":{"footnotes":""},"class_list":["post-13","page","type-page","status-publish","hentry"],"jetpack_sharing_enabled":true,"jetpack_likes_enabled":true,"_links":{"self":[{"href":"https:\/\/www.minader.cm\/index.php\/wp-json\/wp\/v2\/pages\/13","targetHints":{"allow":["GET"]}}],"collection":[{"href":"https:\/\/www.minader.cm\/index.php\/wp-json\/wp\/v2\/pages"}],"about":[{"href":"https:\/\/www.minader.cm\/index.php\/wp-json\/wp\/v2\/types\/page"}],"author":[{"embeddable":true,"href":"https:\/\/www.minader.cm\/index.php\/wp-json\/wp\/v2\/users\/1"}],"replies":[{"embeddable":true,"href":"https:\/\/www.minader.cm\/index.php\/wp-json\/wp\/v2\/comments?post=13"}],"version-history":[{"count":17,"href":"https:\/\/www.minader.cm\/index.php\/wp-json\/wp\/v2\/pages\/13\/revisions"}],"predecessor-version":[{"id":1241,"href":"https:\/\/www.minader.cm\/index.php\/wp-json\/wp\/v2\/pages\/13\/revisions\/1241"}],"wp:attachment":[{"href":"https:\/\/www.minader.cm\/index.php\/wp-json\/wp\/v2\/media?parent=13"}],"curies":[{"name":"wp","href":"https:\/\/api.w.org\/{rel}","templated":true}]}}